{"id":192,"date":"2016-07-30T23:35:49","date_gmt":"2016-07-31T02:35:49","guid":{"rendered":"https:\/\/www.icencontrodeartes.com.br\/ic10\/?page_id=192"},"modified":"2016-08-18T13:58:06","modified_gmt":"2016-08-18T16:58:06","slug":"ingressos","status":"publish","type":"page","link":"https:\/\/www.icencontrodeartes.com.br\/ic10\/ingressos","title":{"rendered":"Ingressos online"},"content":{"rendered":"<p>Compre antecipadamente os ingressos para as atra\u00e7\u00f5es pagas do IC10.<br \/>\n(E aproveite bastante as atra\u00e7\u00f5es gratuitas que comp\u00f5em esta edi\u00e7\u00e3o!)<br \/>\n=&gt; As vendas online ficam dispon\u00edveis at\u00e9 o meio-dia de 19 de agosto.<br \/>\n=&gt; Ap\u00f3s este momento, s\u00f3 haver\u00e1 venda no local do evento, na bilheteria do Teatro Greg\u00f3rio de Mattos, no pr\u00f3prio dia 19 de agosto, a partir das 14 horas, com pagamento\u00a0<span style=\"text-decoration: underline;\">apenas em dinheiro<\/span>.<br \/>\n=&gt; N\u00e3o d\u00ea mole. Compre de casa, pague no cart\u00e3o. N\u00e3o fique na fila, n\u00e3o fique de fora. A gente sabe\u00a0que sempre rola aquela onda de bilheteria bombada e lota\u00e7\u00e3o\u00a0esgotada. Garantir ingresso antecipado \u00e9 muito melhor! \ud83d\ude09<\/p>\n<p><a href=\"https:\/\/www.icencontrodeartes.com.br\/ic10\/programacao\/homem-torto\" target=\"_blank\"><strong>Homem Torto<\/strong><\/a><br \/>\nEduardo Fukushima (S\u00e3o Paulo)<br \/>\nOnde: Espa\u00e7o Cultural da Barroquinha<br \/>\nSess\u00e3o 1: 19\/8, 20h<br \/>\n<a class=\"button-small-text\" href=\"https:\/\/www.sympla.com.br\/ic10-apresenta-homem-torto-sessao-1__80524\" target=\"_blank\"><img decoding=\"async\" src=\"http:\/\/www.sympla.com.br\/images\/btn-register se.png\" alt=\"\" \/><\/a> (ATEN\u00c7\u00c3O: link para compra da sess\u00e3o 1)<br \/>\nSess\u00e3o 2: 20\/8, 16h<br \/>\n<a class=\"button-small-text\" href=\"https:\/\/www.sympla.com.br\/ic10-apresenta-homem-torto-sessao-2__80525\" target=\"_blank\"><img decoding=\"async\" src=\"http:\/\/www.sympla.com.br\/images\/btn-register se.png\" alt=\"\" \/><\/a> (ATEN\u00c7\u00c3O: link para compra da sess\u00e3o 2)<\/p>\n<hr \/>\n<p><a href=\"https:\/\/www.icencontrodeartes.com.br\/ic10\/programacao\/el-agitador-vortex\" target=\"_blank\"><strong>El Agitador V\u00f3rtex<\/strong><\/a><br \/>\nCris Blanco (Espanha)<br \/>\nOnde: Teatro Greg\u00f3rio de Mattos<br \/>\nSess\u00e3o 1: 19\/8, 21h<br \/>\n<a class=\"button-small-text\" href=\"https:\/\/www.sympla.com.br\/ic10-apresenta-el-agitador-vortex-sessao-1__80516\" target=\"_blank\"><img decoding=\"async\" src=\"http:\/\/www.sympla.com.br\/images\/btn-register se.png\" alt=\"\" \/><\/a> (ATEN\u00c7\u00c3O: link para compra da sess\u00e3o 1)<br \/>\nSess\u00e3o 2: 20\/8, 18h<br \/>\n<a class=\"button-small-text\" href=\"https:\/\/www.sympla.com.br\/ic10-apresenta-el-agitador-vortex-sessao-2__80518\" target=\"_blank\"><img decoding=\"async\" src=\"http:\/\/www.sympla.com.br\/images\/btn-register se.png\" alt=\"\" \/><\/a> (ATEN\u00c7\u00c3O: link para compra da sess\u00e3o 2)<\/p>\n<hr \/>\n<p><a href=\"https:\/\/www.icencontrodeartes.com.br\/ic10\/programacao\/ha-violencia-no-silencio\" target=\"_blank\"><strong>H\u00e1 Viol\u00eancia no Sil\u00eancio?<\/strong><\/a><br \/>\nNirlyn Seijas (Venezuela\/Bahia)<br \/>\nOnde: Espa\u00e7o alternativo. Ponto de encontro: Espa\u00e7o Cultural da Barroquinha<br \/>\nSess\u00e3o 1: 19\/8, 22h <strong>ESGOTADO!<\/strong><br \/>\nSess\u00e3o 2: 20\/8, 18h<br \/>\n<a class=\"button-small-text\" href=\"https:\/\/www.sympla.com.br\/ic10-apresenta-ha-violencia-no-silencio-sessao-2__82977\" target=\"_blank\"><img decoding=\"async\" src=\"http:\/\/www.sympla.com.br\/images\/btn-register se.png\" alt=\"\" \/><\/a> (ATEN\u00c7\u00c3O: link para compra da sess\u00e3o 2)<\/p>\n<hr \/>\n<p><a href=\"https:\/\/www.icencontrodeartes.com.br\/ic10\/programacao\/valsa-de-loulou\" target=\"_blank\"><strong>Valsa de Loulou<\/strong><\/a><br \/>\nRainha Loulou (Bahia)<br \/>\nOnde: Teatro Greg\u00f3rio de Mattos<br \/>\nQuando: \u00e0 meia-noite na virada de 19\/8 para 20\/8<br \/>\n<a class=\"button-small-text\" href=\"https:\/\/www.sympla.com.br\/ic10-apresenta-valsa-de-loulou__80519\" target=\"_blank\"><img decoding=\"async\" src=\"http:\/\/www.sympla.com.br\/images\/btn-register se.png\" alt=\"\" \/><\/a><\/p>\n<hr \/>\n<p><a href=\"https:\/\/www.icencontrodeartes.com.br\/ic10\/programacao\/guia-improvavel-para-corpos-mutantes-espetaculo-infantil\" target=\"_blank\"><strong>Guia Improv\u00e1vel para Corpos Mutantes<\/strong><\/a><br \/>\nAirton Tomazzoni (Rio Grande do Sul)<br \/>\nOnde: Teatro Greg\u00f3rio de Mattos<br \/>\nQuando: 20\/8, 10h<br \/>\n<a class=\"button-small-text\" href=\"https:\/\/www.sympla.com.br\/ic10-apresenta-guia-improvavel-para-corpos-mutantes__80520\" target=\"_blank\"><img decoding=\"async\" src=\"http:\/\/www.sympla.com.br\/images\/btn-register se.png\" alt=\"\" \/><\/a><\/p>\n<hr \/>\n<p><a href=\"https:\/\/www.icencontrodeartes.com.br\/ic10\/programacao\/macaquinhos\" target=\"_blank\"><strong>Macaquinhos<\/strong><\/a><br \/>\nAndrez Lean Ghizze, Caio, Daniel Barra, Fernanda Vinhas, Iaci Kupalua, Luiz Gustavo Fernandes Lopes, Rafael Amambahy, Teresa Moura Neves, Yuri Tripodi (S\u00e3o Paulo)<br \/>\nOnde: Espa\u00e7o Cultural da Barroquinha<br \/>\nQuando: 20\/8, 4h<br \/>\n<strong>SENTIMOS MUITO!<br \/>\nOS INGRESSOS PARA MACAQUINHOS SE ESGOTARAM.<\/strong><\/p>\n","protected":false},"excerpt":{"rendered":"<p>Compre antecipadamente os ingressos para as atra\u00e7\u00f5es pagas do IC10. (E aproveite bastante as atra\u00e7\u00f5es gratuitas que comp\u00f5em esta edi\u00e7\u00e3o!) =&gt; As vendas online ficam dispon\u00edveis at\u00e9 o meio-dia de 19 de agosto. =&gt; Ap\u00f3s este momento, s\u00f3 haver\u00e1 venda no local do evento, na bilheteria do Teatro Greg\u00f3rio de Mattos, no pr\u00f3prio dia 19 [&hellip;]<\/p>\n","protected":false},"author":1,"featured_media":0,"parent":0,"menu_order":0,"comment_status":"closed","ping_status":"closed","template":"","meta":{"footnotes":""},"class_list":["post-192","page","type-page","status-publish","hentry"],"yoast_head":"<!-- This site is optimized with the Yoast SEO plugin v27.5 - https:\/\/yoast.com\/product\/yoast-seo-wordpress\/ -->\n<title>Ingressos online - IC Encontro de Artes 10<\/title>\n<meta name=\"robots\" content=\"index, follow, max-snippet:-1, max-image-preview:large, max-video-preview:-1\" \/>\n<link rel=\"canonical\" href=\"https:\/\/www.icencontrodeartes.com.br\/ic10\/ingressos\" \/>\n<meta property=\"og:locale\" content=\"pt_BR\" \/>\n<meta property=\"og:type\" content=\"article\" \/>\n<meta property=\"og:title\" content=\"Ingressos online - IC Encontro de Artes 10\" \/>\n<meta property=\"og:description\" content=\"Compre antecipadamente os ingressos para as atra\u00e7\u00f5es pagas do IC10. (E aproveite bastante as atra\u00e7\u00f5es gratuitas que comp\u00f5em esta edi\u00e7\u00e3o!) =&gt; As vendas online ficam dispon\u00edveis at\u00e9 o meio-dia de 19 de agosto. =&gt; Ap\u00f3s este momento, s\u00f3 haver\u00e1 venda no local do evento, na bilheteria do Teatro Greg\u00f3rio de Mattos, no pr\u00f3prio dia 19 [&hellip;]\" \/>\n<meta property=\"og:url\" content=\"https:\/\/www.icencontrodeartes.com.br\/ic10\/ingressos\" \/>\n<meta property=\"og:site_name\" content=\"IC Encontro de Artes 10\" \/>\n<meta property=\"article:modified_time\" content=\"2016-08-18T16:58:06+00:00\" \/>\n<meta name=\"twitter:card\" content=\"summary_large_image\" \/>\n<meta name=\"twitter:label1\" content=\"Est. tempo de leitura\" \/>\n\t<meta name=\"twitter:data1\" content=\"2 minutos\" \/>\n<script type=\"application\/ld+json\" class=\"yoast-schema-graph\">{\"@context\":\"https:\\\/\\\/schema.org\",\"@graph\":[{\"@type\":\"WebPage\",\"@id\":\"https:\\\/\\\/www.icencontrodeartes.com.br\\\/ic10\\\/ingressos\",\"url\":\"https:\\\/\\\/www.icencontrodeartes.com.br\\\/ic10\\\/ingressos\",\"name\":\"Ingressos online - IC Encontro de Artes 10\",\"isPartOf\":{\"@id\":\"https:\\\/\\\/www.icencontrodeartes.com.br\\\/ic10\\\/#website\"},\"datePublished\":\"2016-07-31T02:35:49+00:00\",\"dateModified\":\"2016-08-18T16:58:06+00:00\",\"breadcrumb\":{\"@id\":\"https:\\\/\\\/www.icencontrodeartes.com.br\\\/ic10\\\/ingressos#breadcrumb\"},\"inLanguage\":\"pt-BR\",\"potentialAction\":[{\"@type\":\"ReadAction\",\"target\":[\"https:\\\/\\\/www.icencontrodeartes.com.br\\\/ic10\\\/ingressos\"]}]},{\"@type\":\"BreadcrumbList\",\"@id\":\"https:\\\/\\\/www.icencontrodeartes.com.br\\\/ic10\\\/ingressos#breadcrumb\",\"itemListElement\":[{\"@type\":\"ListItem\",\"position\":1,\"name\":\"In\u00edcio\",\"item\":\"https:\\\/\\\/www.icencontrodeartes.com.br\\\/ic10\"},{\"@type\":\"ListItem\",\"position\":2,\"name\":\"Ingressos online\"}]},{\"@type\":\"WebSite\",\"@id\":\"https:\\\/\\\/www.icencontrodeartes.com.br\\\/ic10\\\/#website\",\"url\":\"https:\\\/\\\/www.icencontrodeartes.com.br\\\/ic10\\\/\",\"name\":\"IC Encontro de Artes 10\",\"description\":\"IC10\",\"potentialAction\":[{\"@type\":\"SearchAction\",\"target\":{\"@type\":\"EntryPoint\",\"urlTemplate\":\"https:\\\/\\\/www.icencontrodeartes.com.br\\\/ic10\\\/?s={search_term_string}\"},\"query-input\":{\"@type\":\"PropertyValueSpecification\",\"valueRequired\":true,\"valueName\":\"search_term_string\"}}],\"inLanguage\":\"pt-BR\"}]}<\/script>\n<!-- \/ Yoast SEO plugin. -->","yoast_head_json":{"title":"Ingressos online - IC Encontro de Artes 10","robots":{"index":"index","follow":"follow","max-snippet":"max-snippet:-1","max-image-preview":"max-image-preview:large","max-video-preview":"max-video-preview:-1"},"canonical":"https:\/\/www.icencontrodeartes.com.br\/ic10\/ingressos","og_locale":"pt_BR","og_type":"article","og_title":"Ingressos online - IC Encontro de Artes 10","og_description":"Compre antecipadamente os ingressos para as atra\u00e7\u00f5es pagas do IC10. (E aproveite bastante as atra\u00e7\u00f5es gratuitas que comp\u00f5em esta edi\u00e7\u00e3o!) =&gt; As vendas online ficam dispon\u00edveis at\u00e9 o meio-dia de 19 de agosto. =&gt; Ap\u00f3s este momento, s\u00f3 haver\u00e1 venda no local do evento, na bilheteria do Teatro Greg\u00f3rio de Mattos, no pr\u00f3prio dia 19 [&hellip;]","og_url":"https:\/\/www.icencontrodeartes.com.br\/ic10\/ingressos","og_site_name":"IC Encontro de Artes 10","article_modified_time":"2016-08-18T16:58:06+00:00","twitter_card":"summary_large_image","twitter_misc":{"Est. tempo de leitura":"2 minutos"},"schema":{"@context":"https:\/\/schema.org","@graph":[{"@type":"WebPage","@id":"https:\/\/www.icencontrodeartes.com.br\/ic10\/ingressos","url":"https:\/\/www.icencontrodeartes.com.br\/ic10\/ingressos","name":"Ingressos online - IC Encontro de Artes 10","isPartOf":{"@id":"https:\/\/www.icencontrodeartes.com.br\/ic10\/#website"},"datePublished":"2016-07-31T02:35:49+00:00","dateModified":"2016-08-18T16:58:06+00:00","breadcrumb":{"@id":"https:\/\/www.icencontrodeartes.com.br\/ic10\/ingressos#breadcrumb"},"inLanguage":"pt-BR","potentialAction":[{"@type":"ReadAction","target":["https:\/\/www.icencontrodeartes.com.br\/ic10\/ingressos"]}]},{"@type":"BreadcrumbList","@id":"https:\/\/www.icencontrodeartes.com.br\/ic10\/ingressos#breadcrumb","itemListElement":[{"@type":"ListItem","position":1,"name":"In\u00edcio","item":"https:\/\/www.icencontrodeartes.com.br\/ic10"},{"@type":"ListItem","position":2,"name":"Ingressos online"}]},{"@type":"WebSite","@id":"https:\/\/www.icencontrodeartes.com.br\/ic10\/#website","url":"https:\/\/www.icencontrodeartes.com.br\/ic10\/","name":"IC Encontro de Artes 10","description":"IC10","potentialAction":[{"@type":"SearchAction","target":{"@type":"EntryPoint","urlTemplate":"https:\/\/www.icencontrodeartes.com.br\/ic10\/?s={search_term_string}"},"query-input":{"@type":"PropertyValueSpecification","valueRequired":true,"valueName":"search_term_string"}}],"inLanguage":"pt-BR"}]}},"_links":{"self":[{"href":"https:\/\/www.icencontrodeartes.com.br\/ic10\/wp-json\/wp\/v2\/pages\/192","targetHints":{"allow":["GET"]}}],"collection":[{"href":"https:\/\/www.icencontrodeartes.com.br\/ic10\/wp-json\/wp\/v2\/pages"}],"about":[{"href":"https:\/\/www.icencontrodeartes.com.br\/ic10\/wp-json\/wp\/v2\/types\/page"}],"author":[{"embeddable":true,"href":"https:\/\/www.icencontrodeartes.com.br\/ic10\/wp-json\/wp\/v2\/users\/1"}],"replies":[{"embeddable":true,"href":"https:\/\/www.icencontrodeartes.com.br\/ic10\/wp-json\/wp\/v2\/comments?post=192"}],"version-history":[{"count":28,"href":"https:\/\/www.icencontrodeartes.com.br\/ic10\/wp-json\/wp\/v2\/pages\/192\/revisions"}],"predecessor-version":[{"id":339,"href":"https:\/\/www.icencontrodeartes.com.br\/ic10\/wp-json\/wp\/v2\/pages\/192\/revisions\/339"}],"wp:attachment":[{"href":"https:\/\/www.icencontrodeartes.com.br\/ic10\/wp-json\/wp\/v2\/media?parent=192"}],"curies":[{"name":"wp","href":"https:\/\/api.w.org\/{rel}","templated":true}]}}