{"id":2,"date":"2016-07-11T21:41:06","date_gmt":"2016-07-12T00:41:06","guid":{"rendered":"http:\/\/icencontrodeartes.dev\/?page_id=2"},"modified":"2016-08-18T12:07:20","modified_gmt":"2016-08-18T15:07:20","slug":"quem-somos","status":"publish","type":"page","link":"https:\/\/www.icencontrodeartes.com.br\/ic10\/quem-somos","title":{"rendered":"Quem Somos"},"content":{"rendered":"<p>O encontro internacional de artes IC \u00e9 realizado pela Dimenti Produ\u00e7\u00f5es Culturais em parceria com a Associa\u00e7\u00e3o Conex\u00f5es Criativas.<\/p>\n<p><strong>FICHA T\u00c9CNICA<\/strong><br \/>\n<strong>Dire\u00e7\u00e3o Geral:<\/strong><br \/>\nEllen Mello<br \/>\n<strong>Curadoria IC10:<\/strong><br \/>\nEllen Mello, Jorge Alencar, Leonardo Fran\u00e7a e Neto Machado<br \/>\n<strong>Coordena\u00e7\u00e3o de Produ\u00e7\u00e3o:<\/strong><br \/>\nEllen Mello<br \/>\n<strong>Produ\u00e7\u00e3o Executiva:<\/strong><br \/>\nNat\u00e1lia Val\u00e9rio<br \/>\n<strong>Equipe de Produ\u00e7\u00e3o:<\/strong><br \/>\nCatriel Chamusca<br \/>\nF\u00e1bio Os\u00f3rio Monteiro<br \/>\nMarina Martinelli<br \/>\nFernanda Chaves<br \/>\nLa\u00edsa E\u00e7a<br \/>\nNany Lima<br \/>\nAndr\u00e9 Cerqueira<br \/>\n<strong>Produ\u00e7\u00e3o Conectivos Musicais:<\/strong><br \/>\nValdir Andrade<br \/>\n<strong>Coordena\u00e7\u00e3o T\u00e9cnica:<\/strong><br \/>\nMois\u00e9s Vict\u00f3rio<br \/>\n<strong>Financeiro:<\/strong><br \/>\nMar\u00edlia Pereira<br \/>\n<strong>Coordena\u00e7\u00e3o de Comunica\u00e7\u00e3o e de Redes Sociais:<\/strong><br \/>\nMarcatexto<br \/>\n<strong>Assessoria de Imprensa:<\/strong><br \/>\nLuis Fernando Lisboa<br \/>\n<strong>Analista de Redes Sociais:<\/strong><br \/>\nInara Rosas<br \/>\n<strong>Design Gr\u00e1fico:<\/strong><br \/>\nMois\u00e9s Garcia<br \/>\n<strong>Site:<\/strong><br \/>\nMagn\u00e9sio Design<br \/>\n<strong>Estagi\u00e1rio de Comunica\u00e7\u00e3o:<\/strong><br \/>\nYgor Bahia<br \/>\n<strong>IQUIs &#8211; cobertura colaborativa:<\/strong><br \/>\nCadu Oliveira<br \/>\nGabriel Ormuz<br \/>\nGuilherme Malaquias<br \/>\nIgor Tiago<br \/>\nLorena Morgana<br \/>\nMalayka SN<br \/>\nMarcelo Delfino<br \/>\nMatheus Tarr\u00e3o<br \/>\nRa\u00edssa Rosa<br \/>\nRoberjan Magalh\u00e3es<br \/>\nSt\u00e9phanie Moraes<\/p>\n","protected":false},"excerpt":{"rendered":"<p>O encontro internacional de artes IC \u00e9 realizado pela Dimenti Produ\u00e7\u00f5es Culturais em parceria com a Associa\u00e7\u00e3o Conex\u00f5es Criativas. FICHA T\u00c9CNICA Dire\u00e7\u00e3o Geral: Ellen Mello Curadoria IC10: Ellen Mello, Jorge Alencar, Leonardo Fran\u00e7a e Neto Machado Coordena\u00e7\u00e3o de Produ\u00e7\u00e3o: Ellen Mello Produ\u00e7\u00e3o Executiva: Nat\u00e1lia Val\u00e9rio Equipe de Produ\u00e7\u00e3o: Catriel Chamusca F\u00e1bio Os\u00f3rio Monteiro Marina Martinelli [&hellip;]<\/p>\n","protected":false},"author":1,"featured_media":0,"parent":0,"menu_order":0,"comment_status":"closed","ping_status":"open","template":"","meta":{"footnotes":""},"class_list":["post-2","page","type-page","status-publish","hentry"],"yoast_head":"<!-- This site is optimized with the Yoast SEO plugin v27.5 - https:\/\/yoast.com\/product\/yoast-seo-wordpress\/ -->\n<title>Quem Somos - IC Encontro de Artes 10<\/title>\n<meta name=\"robots\" content=\"index, follow, max-snippet:-1, max-image-preview:large, max-video-preview:-1\" \/>\n<link rel=\"canonical\" href=\"https:\/\/www.icencontrodeartes.com.br\/ic10\/quem-somos\" \/>\n<meta property=\"og:locale\" content=\"pt_BR\" \/>\n<meta property=\"og:type\" content=\"article\" \/>\n<meta property=\"og:title\" content=\"Quem Somos - IC Encontro de Artes 10\" \/>\n<meta property=\"og:description\" content=\"O encontro internacional de artes IC \u00e9 realizado pela Dimenti Produ\u00e7\u00f5es Culturais em parceria com a Associa\u00e7\u00e3o Conex\u00f5es Criativas. FICHA T\u00c9CNICA Dire\u00e7\u00e3o Geral: Ellen Mello Curadoria IC10: Ellen Mello, Jorge Alencar, Leonardo Fran\u00e7a e Neto Machado Coordena\u00e7\u00e3o de Produ\u00e7\u00e3o: Ellen Mello Produ\u00e7\u00e3o Executiva: Nat\u00e1lia Val\u00e9rio Equipe de Produ\u00e7\u00e3o: Catriel Chamusca F\u00e1bio Os\u00f3rio Monteiro Marina Martinelli [&hellip;]\" \/>\n<meta property=\"og:url\" content=\"https:\/\/www.icencontrodeartes.com.br\/ic10\/quem-somos\" \/>\n<meta property=\"og:site_name\" content=\"IC Encontro de Artes 10\" \/>\n<meta property=\"article:modified_time\" content=\"2016-08-18T15:07:20+00:00\" \/>\n<meta name=\"twitter:card\" content=\"summary_large_image\" \/>\n<meta name=\"twitter:label1\" content=\"Est. tempo de leitura\" \/>\n\t<meta name=\"twitter:data1\" content=\"1 minuto\" \/>\n<script type=\"application\/ld+json\" class=\"yoast-schema-graph\">{\"@context\":\"https:\\\/\\\/schema.org\",\"@graph\":[{\"@type\":\"WebPage\",\"@id\":\"https:\\\/\\\/www.icencontrodeartes.com.br\\\/ic10\\\/quem-somos\",\"url\":\"https:\\\/\\\/www.icencontrodeartes.com.br\\\/ic10\\\/quem-somos\",\"name\":\"Quem Somos - IC Encontro de Artes 10\",\"isPartOf\":{\"@id\":\"https:\\\/\\\/www.icencontrodeartes.com.br\\\/ic10\\\/#website\"},\"datePublished\":\"2016-07-12T00:41:06+00:00\",\"dateModified\":\"2016-08-18T15:07:20+00:00\",\"breadcrumb\":{\"@id\":\"https:\\\/\\\/www.icencontrodeartes.com.br\\\/ic10\\\/quem-somos#breadcrumb\"},\"inLanguage\":\"pt-BR\",\"potentialAction\":[{\"@type\":\"ReadAction\",\"target\":[\"https:\\\/\\\/www.icencontrodeartes.com.br\\\/ic10\\\/quem-somos\"]}]},{\"@type\":\"BreadcrumbList\",\"@id\":\"https:\\\/\\\/www.icencontrodeartes.com.br\\\/ic10\\\/quem-somos#breadcrumb\",\"itemListElement\":[{\"@type\":\"ListItem\",\"position\":1,\"name\":\"In\u00edcio\",\"item\":\"https:\\\/\\\/www.icencontrodeartes.com.br\\\/ic10\"},{\"@type\":\"ListItem\",\"position\":2,\"name\":\"Quem Somos\"}]},{\"@type\":\"WebSite\",\"@id\":\"https:\\\/\\\/www.icencontrodeartes.com.br\\\/ic10\\\/#website\",\"url\":\"https:\\\/\\\/www.icencontrodeartes.com.br\\\/ic10\\\/\",\"name\":\"IC Encontro de Artes 10\",\"description\":\"IC10\",\"potentialAction\":[{\"@type\":\"SearchAction\",\"target\":{\"@type\":\"EntryPoint\",\"urlTemplate\":\"https:\\\/\\\/www.icencontrodeartes.com.br\\\/ic10\\\/?s={search_term_string}\"},\"query-input\":{\"@type\":\"PropertyValueSpecification\",\"valueRequired\":true,\"valueName\":\"search_term_string\"}}],\"inLanguage\":\"pt-BR\"}]}<\/script>\n<!-- \/ Yoast SEO plugin. -->","yoast_head_json":{"title":"Quem Somos - IC Encontro de Artes 10","robots":{"index":"index","follow":"follow","max-snippet":"max-snippet:-1","max-image-preview":"max-image-preview:large","max-video-preview":"max-video-preview:-1"},"canonical":"https:\/\/www.icencontrodeartes.com.br\/ic10\/quem-somos","og_locale":"pt_BR","og_type":"article","og_title":"Quem Somos - IC Encontro de Artes 10","og_description":"O encontro internacional de artes IC \u00e9 realizado pela Dimenti Produ\u00e7\u00f5es Culturais em parceria com a Associa\u00e7\u00e3o Conex\u00f5es Criativas. FICHA T\u00c9CNICA Dire\u00e7\u00e3o Geral: Ellen Mello Curadoria IC10: Ellen Mello, Jorge Alencar, Leonardo Fran\u00e7a e Neto Machado Coordena\u00e7\u00e3o de Produ\u00e7\u00e3o: Ellen Mello Produ\u00e7\u00e3o Executiva: Nat\u00e1lia Val\u00e9rio Equipe de Produ\u00e7\u00e3o: Catriel Chamusca F\u00e1bio Os\u00f3rio Monteiro Marina Martinelli [&hellip;]","og_url":"https:\/\/www.icencontrodeartes.com.br\/ic10\/quem-somos","og_site_name":"IC Encontro de Artes 10","article_modified_time":"2016-08-18T15:07:20+00:00","twitter_card":"summary_large_image","twitter_misc":{"Est. tempo de leitura":"1 minuto"},"schema":{"@context":"https:\/\/schema.org","@graph":[{"@type":"WebPage","@id":"https:\/\/www.icencontrodeartes.com.br\/ic10\/quem-somos","url":"https:\/\/www.icencontrodeartes.com.br\/ic10\/quem-somos","name":"Quem Somos - IC Encontro de Artes 10","isPartOf":{"@id":"https:\/\/www.icencontrodeartes.com.br\/ic10\/#website"},"datePublished":"2016-07-12T00:41:06+00:00","dateModified":"2016-08-18T15:07:20+00:00","breadcrumb":{"@id":"https:\/\/www.icencontrodeartes.com.br\/ic10\/quem-somos#breadcrumb"},"inLanguage":"pt-BR","potentialAction":[{"@type":"ReadAction","target":["https:\/\/www.icencontrodeartes.com.br\/ic10\/quem-somos"]}]},{"@type":"BreadcrumbList","@id":"https:\/\/www.icencontrodeartes.com.br\/ic10\/quem-somos#breadcrumb","itemListElement":[{"@type":"ListItem","position":1,"name":"In\u00edcio","item":"https:\/\/www.icencontrodeartes.com.br\/ic10"},{"@type":"ListItem","position":2,"name":"Quem Somos"}]},{"@type":"WebSite","@id":"https:\/\/www.icencontrodeartes.com.br\/ic10\/#website","url":"https:\/\/www.icencontrodeartes.com.br\/ic10\/","name":"IC Encontro de Artes 10","description":"IC10","potentialAction":[{"@type":"SearchAction","target":{"@type":"EntryPoint","urlTemplate":"https:\/\/www.icencontrodeartes.com.br\/ic10\/?s={search_term_string}"},"query-input":{"@type":"PropertyValueSpecification","valueRequired":true,"valueName":"search_term_string"}}],"inLanguage":"pt-BR"}]}},"_links":{"self":[{"href":"https:\/\/www.icencontrodeartes.com.br\/ic10\/wp-json\/wp\/v2\/pages\/2","targetHints":{"allow":["GET"]}}],"collection":[{"href":"https:\/\/www.icencontrodeartes.com.br\/ic10\/wp-json\/wp\/v2\/pages"}],"about":[{"href":"https:\/\/www.icencontrodeartes.com.br\/ic10\/wp-json\/wp\/v2\/types\/page"}],"author":[{"embeddable":true,"href":"https:\/\/www.icencontrodeartes.com.br\/ic10\/wp-json\/wp\/v2\/users\/1"}],"replies":[{"embeddable":true,"href":"https:\/\/www.icencontrodeartes.com.br\/ic10\/wp-json\/wp\/v2\/comments?post=2"}],"version-history":[{"count":9,"href":"https:\/\/www.icencontrodeartes.com.br\/ic10\/wp-json\/wp\/v2\/pages\/2\/revisions"}],"predecessor-version":[{"id":338,"href":"https:\/\/www.icencontrodeartes.com.br\/ic10\/wp-json\/wp\/v2\/pages\/2\/revisions\/338"}],"wp:attachment":[{"href":"https:\/\/www.icencontrodeartes.com.br\/ic10\/wp-json\/wp\/v2\/media?parent=2"}],"curies":[{"name":"wp","href":"https:\/\/api.w.org\/{rel}","templated":true}]}}