{"id":6,"date":"2016-07-11T21:54:46","date_gmt":"2016-07-12T00:54:46","guid":{"rendered":"http:\/\/icencontrodeartes.dev\/?page_id=6"},"modified":"2016-08-11T10:15:45","modified_gmt":"2016-08-11T13:15:45","slug":"o-que-e","status":"publish","type":"page","link":"https:\/\/www.icencontrodeartes.com.br\/ic10\/o-que-e","title":{"rendered":"O que \u00e9?"},"content":{"rendered":"<p>O encontro internacional de artes IC celebra seus 10 anos. Um marco honroso para uma iniciativa art\u00edstica independente, contempor\u00e2nea e desafiadora, concebida de forma continuada e impulsora de instigantes processos para a produ\u00e7\u00e3o cultural de Salvador e da Bahia. O projeto, que abre espa\u00e7o de articula\u00e7\u00f5es, reflex\u00f5es, interc\u00e2mbios e acesso a obras e conte\u00fados que n\u00e3o fazem parte da rotina baiana, \u00e9 organizado como uma plataforma pluriart\u00edstica de cria\u00e7\u00e3o e difus\u00e3o, intermeando os campos da dan\u00e7a, teatro, performance, m\u00fasica, audiovisual e artes visuais, al\u00e9m da cr\u00edtica art\u00edstica e da comunica\u00e7\u00e3o.<\/p>\n<p>Sustentado em princ\u00edpios como experimenta\u00e7\u00e3o, deslocamento, risco, livres rela\u00e7\u00f5es entre processo e produto, flexibilidade e criticidade, o IC, em cada edi\u00e7\u00e3o, apresenta uma quest\u00e3o simb\u00f3lica que orienta o processo curatorial e a composi\u00e7\u00e3o da programa\u00e7\u00e3o. Tratam-se de temas que t\u00eam movido a cria\u00e7\u00e3o de artistas em diferentes partes do mundo, em associa\u00e7\u00e3o com as pesquisas dos pr\u00f3prios artistas-curadores-produtores: Ellen Mello, Jorge Alencar, Leonardo Fran\u00e7a e Neto Machado.<\/p>\n<p>Nesta edi\u00e7\u00e3o que comemora uma d\u00e9cada de exist\u00eancia, o encontro incendeia num processo inflamat\u00f3rio que se volta ao tempo e \u00e0 dura\u00e7\u00e3o das coisas. A pot\u00eancia dos combust\u00edveis, a resist\u00eancia do fogo, o vigor da exist\u00eancia, a energia liberada, o calor que se propaga. \u201cQuanto dura sua chama?\u201d, o IC pergunta. E se aprofunda quanto \u00e0s percep\u00e7\u00f5es \u00edntimas da passagem do tempo, \u00e0 intensidade que permanece, ao potencial de renova\u00e7\u00e3o do aquecimento, \u00e0 insist\u00eancia da brasa, \u00e0 longevidade. O IC arde no tempo como um <em>continuum<\/em> em transforma\u00e7\u00e3o.<\/p>\n<p>A edi\u00e7\u00e3o n\u00famero 10 radicaliza no formato e, em 24 horas de combust\u00e3o, destaca o vi\u00e9s da curadoria como composi\u00e7\u00e3o. Das 20 horas do dia 19 de agosto \u00e0s 20 horas de 20 de agosto, sem parar, a programa\u00e7\u00e3o assimila f\u00f4lego e inc\u00eandio. Pelo segundo ano, o evento ocupa o Centro de Salvador como complexo cultural e de afetos, revirando os espa\u00e7os p\u00fablicos e culturais em torno da Pra\u00e7a Castro Alves: Teatro Greg\u00f3rio de Mattos, Espa\u00e7o Cultural da Barroquinha, Espa\u00e7o Ita\u00fa de Cinema Glauber Rocha, ruas e outros ambientes alternativos. Tamb\u00e9m se prolonga no Instituto Cultural Brasil Alemanha \u2013 Goethe-Institut Salvador\/ICBA, onde o Dimenti atua como residente.<\/p>\n<p>Na grade, obras que cronometram, pensam ou festejam o tempo, que t\u00eam dura\u00e7\u00f5es incomuns, que foram not\u00edcia da \u00faltima hora, que se encaixam no momento certo. Artistas de longas carreiras e novos nomes que, com rapidez, j\u00e1 comprovaram seu talento. Passado, futuro e atualidade. A concilia\u00e7\u00e3o de energias que v\u00e3o al\u00e9m da no\u00e7\u00e3o de linearidade e que acendem a pr\u00f3xima fogueira. Fortalecimento m\u00fatuo. Voc\u00ea vai aguentar?<\/p>\n<p>&nbsp;<\/p>\n<h3><strong>QUEM PERMITE QUE O IC ACONTE\u00c7A<\/strong><\/h3>\n<p>O\u00a0IC10\u00a0tem\u00a0apoio financeiro do Governo do Estado, atrav\u00e9s do Fundo de Cultura, Secretaria da Fazenda e Secretaria de Cultura da Bahia, por meio do Edital de Eventos Culturais Calendarizados.<\/p>\n<p>Conta com apoio do Goethe-Institut Salvador\/ICBA; dos espa\u00e7os municipais Espa\u00e7o Cultural da Barroquinha e Teatro Greg\u00f3rio de Mattos; do Espa\u00e7o Ita\u00fa de Cinema Glauber Rocha; da R\u00e1dio Educadora FM Bahia; d\u2019A Feira da Cidade e Ag\u00eancia Agosto; da Mitti Andaimes; do Hotel Bahia do Sol; da Guima Viagens; da Escola Contempor\u00e2nea de Dan\u00e7a; da academia Villa Salute; e do Ateli\u00ea Cenogr\u00e1fico Maur\u00edcio Pedrosa.<\/p>\n<p>Em sua programa\u00e7\u00e3o, quatro obras \u2013 \u201cDNA de DAN\u201d, \u201cGuia improv\u00e1vel para corpos mutantes\u201d, \u201cHedon\u00eas\u201d e \u201cHomem Torto\u201d \u2013 integram projetos contemplados com o Pr\u00eamio Funarte de Dan\u00e7a Klauss Vianna da Funda\u00e7\u00e3o Nacional de Artes (Funarte), institui\u00e7\u00e3o vinculada ao Minist\u00e9rio da Cultura (MinC). Ainda tem apoio da Acci\u00f3n Cultural Espa\u00f1ola (AC\/E), por meio do Programa de Internacionalizaci\u00f3n de la Cultura Espa\u00f1ola (PICE), na modalidade de Mobilidade, para a obra \u201cEl Agitador V\u00f3rtex\u201d.<\/p>\n","protected":false},"excerpt":{"rendered":"<p>O encontro internacional de artes IC celebra seus 10 anos. Um marco honroso para uma iniciativa art\u00edstica independente, contempor\u00e2nea e desafiadora, concebida de forma continuada e impulsora de instigantes processos para a produ\u00e7\u00e3o cultural de Salvador e da Bahia. O projeto, que abre espa\u00e7o de articula\u00e7\u00f5es, reflex\u00f5es, interc\u00e2mbios e acesso a obras e conte\u00fados que [&hellip;]<\/p>\n","protected":false},"author":1,"featured_media":33,"parent":0,"menu_order":0,"comment_status":"closed","ping_status":"closed","template":"","meta":{"footnotes":""},"class_list":["post-6","page","type-page","status-publish","has-post-thumbnail","hentry"],"yoast_head":"<!-- This site is optimized with the Yoast SEO plugin v27.5 - https:\/\/yoast.com\/product\/yoast-seo-wordpress\/ -->\n<title>O que \u00e9? - IC Encontro de Artes 10<\/title>\n<meta name=\"robots\" content=\"index, follow, max-snippet:-1, max-image-preview:large, max-video-preview:-1\" \/>\n<link rel=\"canonical\" href=\"https:\/\/www.icencontrodeartes.com.br\/ic10\/o-que-e\" \/>\n<meta property=\"og:locale\" content=\"pt_BR\" \/>\n<meta property=\"og:type\" content=\"article\" \/>\n<meta property=\"og:title\" content=\"O que \u00e9? - IC Encontro de Artes 10\" \/>\n<meta property=\"og:description\" content=\"O encontro internacional de artes IC celebra seus 10 anos. Um marco honroso para uma iniciativa art\u00edstica independente, contempor\u00e2nea e desafiadora, concebida de forma continuada e impulsora de instigantes processos para a produ\u00e7\u00e3o cultural de Salvador e da Bahia. O projeto, que abre espa\u00e7o de articula\u00e7\u00f5es, reflex\u00f5es, interc\u00e2mbios e acesso a obras e conte\u00fados que [&hellip;]\" \/>\n<meta property=\"og:url\" content=\"https:\/\/www.icencontrodeartes.com.br\/ic10\/o-que-e\" \/>\n<meta property=\"og:site_name\" content=\"IC Encontro de Artes 10\" \/>\n<meta property=\"article:modified_time\" content=\"2016-08-11T13:15:45+00:00\" \/>\n<meta property=\"og:image\" content=\"https:\/\/www.icencontrodeartes.com.br\/ic10\/wp-content\/uploads\/2016\/07\/mosaico.jpg\" \/>\n\t<meta property=\"og:image:width\" content=\"712\" \/>\n\t<meta property=\"og:image:height\" content=\"539\" \/>\n\t<meta property=\"og:image:type\" content=\"image\/jpeg\" \/>\n<meta name=\"twitter:card\" content=\"summary_large_image\" \/>\n<meta name=\"twitter:label1\" content=\"Est. tempo de leitura\" \/>\n\t<meta name=\"twitter:data1\" content=\"3 minutos\" \/>\n<script type=\"application\/ld+json\" class=\"yoast-schema-graph\">{\"@context\":\"https:\\\/\\\/schema.org\",\"@graph\":[{\"@type\":\"WebPage\",\"@id\":\"https:\\\/\\\/www.icencontrodeartes.com.br\\\/ic10\\\/o-que-e\",\"url\":\"https:\\\/\\\/www.icencontrodeartes.com.br\\\/ic10\\\/o-que-e\",\"name\":\"O que \u00e9? - IC Encontro de Artes 10\",\"isPartOf\":{\"@id\":\"https:\\\/\\\/www.icencontrodeartes.com.br\\\/ic10\\\/#website\"},\"primaryImageOfPage\":{\"@id\":\"https:\\\/\\\/www.icencontrodeartes.com.br\\\/ic10\\\/o-que-e#primaryimage\"},\"image\":{\"@id\":\"https:\\\/\\\/www.icencontrodeartes.com.br\\\/ic10\\\/o-que-e#primaryimage\"},\"thumbnailUrl\":\"https:\\\/\\\/www.icencontrodeartes.com.br\\\/ic10\\\/wp-content\\\/uploads\\\/2016\\\/07\\\/mosaico.jpg\",\"datePublished\":\"2016-07-12T00:54:46+00:00\",\"dateModified\":\"2016-08-11T13:15:45+00:00\",\"breadcrumb\":{\"@id\":\"https:\\\/\\\/www.icencontrodeartes.com.br\\\/ic10\\\/o-que-e#breadcrumb\"},\"inLanguage\":\"pt-BR\",\"potentialAction\":[{\"@type\":\"ReadAction\",\"target\":[\"https:\\\/\\\/www.icencontrodeartes.com.br\\\/ic10\\\/o-que-e\"]}]},{\"@type\":\"ImageObject\",\"inLanguage\":\"pt-BR\",\"@id\":\"https:\\\/\\\/www.icencontrodeartes.com.br\\\/ic10\\\/o-que-e#primaryimage\",\"url\":\"https:\\\/\\\/www.icencontrodeartes.com.br\\\/ic10\\\/wp-content\\\/uploads\\\/2016\\\/07\\\/mosaico.jpg\",\"contentUrl\":\"https:\\\/\\\/www.icencontrodeartes.com.br\\\/ic10\\\/wp-content\\\/uploads\\\/2016\\\/07\\\/mosaico.jpg\",\"width\":712,\"height\":539},{\"@type\":\"BreadcrumbList\",\"@id\":\"https:\\\/\\\/www.icencontrodeartes.com.br\\\/ic10\\\/o-que-e#breadcrumb\",\"itemListElement\":[{\"@type\":\"ListItem\",\"position\":1,\"name\":\"In\u00edcio\",\"item\":\"https:\\\/\\\/www.icencontrodeartes.com.br\\\/ic10\"},{\"@type\":\"ListItem\",\"position\":2,\"name\":\"O que \u00e9?\"}]},{\"@type\":\"WebSite\",\"@id\":\"https:\\\/\\\/www.icencontrodeartes.com.br\\\/ic10\\\/#website\",\"url\":\"https:\\\/\\\/www.icencontrodeartes.com.br\\\/ic10\\\/\",\"name\":\"IC Encontro de Artes 10\",\"description\":\"IC10\",\"potentialAction\":[{\"@type\":\"SearchAction\",\"target\":{\"@type\":\"EntryPoint\",\"urlTemplate\":\"https:\\\/\\\/www.icencontrodeartes.com.br\\\/ic10\\\/?s={search_term_string}\"},\"query-input\":{\"@type\":\"PropertyValueSpecification\",\"valueRequired\":true,\"valueName\":\"search_term_string\"}}],\"inLanguage\":\"pt-BR\"}]}<\/script>\n<!-- \/ Yoast SEO plugin. -->","yoast_head_json":{"title":"O que \u00e9? - IC Encontro de Artes 10","robots":{"index":"index","follow":"follow","max-snippet":"max-snippet:-1","max-image-preview":"max-image-preview:large","max-video-preview":"max-video-preview:-1"},"canonical":"https:\/\/www.icencontrodeartes.com.br\/ic10\/o-que-e","og_locale":"pt_BR","og_type":"article","og_title":"O que \u00e9? - IC Encontro de Artes 10","og_description":"O encontro internacional de artes IC celebra seus 10 anos. Um marco honroso para uma iniciativa art\u00edstica independente, contempor\u00e2nea e desafiadora, concebida de forma continuada e impulsora de instigantes processos para a produ\u00e7\u00e3o cultural de Salvador e da Bahia. O projeto, que abre espa\u00e7o de articula\u00e7\u00f5es, reflex\u00f5es, interc\u00e2mbios e acesso a obras e conte\u00fados que [&hellip;]","og_url":"https:\/\/www.icencontrodeartes.com.br\/ic10\/o-que-e","og_site_name":"IC Encontro de Artes 10","article_modified_time":"2016-08-11T13:15:45+00:00","og_image":[{"width":712,"height":539,"url":"https:\/\/www.icencontrodeartes.com.br\/ic10\/wp-content\/uploads\/2016\/07\/mosaico.jpg","type":"image\/jpeg"}],"twitter_card":"summary_large_image","twitter_misc":{"Est. tempo de leitura":"3 minutos"},"schema":{"@context":"https:\/\/schema.org","@graph":[{"@type":"WebPage","@id":"https:\/\/www.icencontrodeartes.com.br\/ic10\/o-que-e","url":"https:\/\/www.icencontrodeartes.com.br\/ic10\/o-que-e","name":"O que \u00e9? - IC Encontro de Artes 10","isPartOf":{"@id":"https:\/\/www.icencontrodeartes.com.br\/ic10\/#website"},"primaryImageOfPage":{"@id":"https:\/\/www.icencontrodeartes.com.br\/ic10\/o-que-e#primaryimage"},"image":{"@id":"https:\/\/www.icencontrodeartes.com.br\/ic10\/o-que-e#primaryimage"},"thumbnailUrl":"https:\/\/www.icencontrodeartes.com.br\/ic10\/wp-content\/uploads\/2016\/07\/mosaico.jpg","datePublished":"2016-07-12T00:54:46+00:00","dateModified":"2016-08-11T13:15:45+00:00","breadcrumb":{"@id":"https:\/\/www.icencontrodeartes.com.br\/ic10\/o-que-e#breadcrumb"},"inLanguage":"pt-BR","potentialAction":[{"@type":"ReadAction","target":["https:\/\/www.icencontrodeartes.com.br\/ic10\/o-que-e"]}]},{"@type":"ImageObject","inLanguage":"pt-BR","@id":"https:\/\/www.icencontrodeartes.com.br\/ic10\/o-que-e#primaryimage","url":"https:\/\/www.icencontrodeartes.com.br\/ic10\/wp-content\/uploads\/2016\/07\/mosaico.jpg","contentUrl":"https:\/\/www.icencontrodeartes.com.br\/ic10\/wp-content\/uploads\/2016\/07\/mosaico.jpg","width":712,"height":539},{"@type":"BreadcrumbList","@id":"https:\/\/www.icencontrodeartes.com.br\/ic10\/o-que-e#breadcrumb","itemListElement":[{"@type":"ListItem","position":1,"name":"In\u00edcio","item":"https:\/\/www.icencontrodeartes.com.br\/ic10"},{"@type":"ListItem","position":2,"name":"O que \u00e9?"}]},{"@type":"WebSite","@id":"https:\/\/www.icencontrodeartes.com.br\/ic10\/#website","url":"https:\/\/www.icencontrodeartes.com.br\/ic10\/","name":"IC Encontro de Artes 10","description":"IC10","potentialAction":[{"@type":"SearchAction","target":{"@type":"EntryPoint","urlTemplate":"https:\/\/www.icencontrodeartes.com.br\/ic10\/?s={search_term_string}"},"query-input":{"@type":"PropertyValueSpecification","valueRequired":true,"valueName":"search_term_string"}}],"inLanguage":"pt-BR"}]}},"_links":{"self":[{"href":"https:\/\/www.icencontrodeartes.com.br\/ic10\/wp-json\/wp\/v2\/pages\/6","targetHints":{"allow":["GET"]}}],"collection":[{"href":"https:\/\/www.icencontrodeartes.com.br\/ic10\/wp-json\/wp\/v2\/pages"}],"about":[{"href":"https:\/\/www.icencontrodeartes.com.br\/ic10\/wp-json\/wp\/v2\/types\/page"}],"author":[{"embeddable":true,"href":"https:\/\/www.icencontrodeartes.com.br\/ic10\/wp-json\/wp\/v2\/users\/1"}],"replies":[{"embeddable":true,"href":"https:\/\/www.icencontrodeartes.com.br\/ic10\/wp-json\/wp\/v2\/comments?post=6"}],"version-history":[{"count":13,"href":"https:\/\/www.icencontrodeartes.com.br\/ic10\/wp-json\/wp\/v2\/pages\/6\/revisions"}],"predecessor-version":[{"id":319,"href":"https:\/\/www.icencontrodeartes.com.br\/ic10\/wp-json\/wp\/v2\/pages\/6\/revisions\/319"}],"wp:featuredmedia":[{"embeddable":true,"href":"https:\/\/www.icencontrodeartes.com.br\/ic10\/wp-json\/wp\/v2\/media\/33"}],"wp:attachment":[{"href":"https:\/\/www.icencontrodeartes.com.br\/ic10\/wp-json\/wp\/v2\/media?parent=6"}],"curies":[{"name":"wp","href":"https:\/\/api.w.org\/{rel}","templated":true}]}}