{"id":190,"date":"2018-07-29T06:23:26","date_gmt":"2018-07-29T09:23:26","guid":{"rendered":"https:\/\/www.icencontrodeartes.com.br\/ic12\/?page_id=190"},"modified":"2018-08-15T01:16:40","modified_gmt":"2018-08-15T04:16:40","slug":"rasha","status":"publish","type":"page","link":"https:\/\/www.icencontrodeartes.com.br\/ic12\/rasha\/","title":{"rendered":"Resid\u00eancia RaSHa SHow"},"content":{"rendered":"<p>Para compor a performance <a href=\"https:\/\/www.icencontrodeartes.com.br\/ic12\/opa\/rasha-batalha\/\" rel=\"noopener\" target=\"_blank\">RASHA BATALHA<\/a>, o RaSHa SHow convoca BBoys, BGirls, drags, bixas, monas, manas, artistas e n\u00e3o artistas, maiores de 18 anos, para uma viv\u00eancia coletiva e forma\u00e7\u00e3o do elenco.<\/p>\n<p>De 21 a 24 de agosto, das 13h \u00e0s 18h, a resid\u00eancia ser\u00e1 realizada em sala de ensaio do Teatro Castro Alves, no bairro do Campo Grande. Vinte pessoas ser\u00e3o selecionadas e receber\u00e3o ajuda de custo de R$ 150,00.<\/p>\n<p>Quer entrar na roda?<br \/>\n<a href=\"https:\/\/goo.gl\/forms\/jfGnQ6Nzt82Rqcfq1\" rel=\"noopener\" target=\"_blank\">INSCREVA-SE AQUI<\/a><br \/>\n<em>Inscri\u00e7\u00f5es encerradas em 10 de agosto de 2018<\/em><\/p>\n<p><strong>SAIU O RESULTADO!<\/strong><br \/>\nForam 56 inscri\u00e7\u00f5es baph\u00f4nicas. A sele\u00e7\u00e3o foi feita pela pr\u00f3pria equipe do RaSHa SHow, que declarou que a escolha se deu &#8220;com muito sacrif\u00edcio e dor no cora\u00e7\u00e3o, pois todas as bichas s\u00e3o maravilhosas&#8221;. O IC agradece o interesse de todxs! Nos vemos nesta batalha de amor.<\/p>\n<p><strong>Selecionadxs:<\/strong><br \/>\nAdam<br \/>\nBarbie Quebra Nozes<br \/>\nBBoy Bruno<br \/>\nBBoy Dk<br \/>\nBBoy Duk<br \/>\nBBoy Focks<br \/>\nBBoy Markus<br \/>\nBBoy Sabotage<br \/>\nBBoying Roty<br \/>\nCa\u00edque Melo<br \/>\nFrut\u00edfera Ilha<br \/>\nLeex<br \/>\nLemos<br \/>\nLevi Lhevi<br \/>\nMANIG0LD aleat\u00f3ria<br \/>\nN\u00e1gila GoldStar<br \/>\nRick<br \/>\nRozin Daltro<br \/>\nVera Veremos<br \/>\nYuri Ferreira<\/p>\n<p><strong>Suplentes: <\/strong><br \/>\nConce Oliveira<br \/>\nBruno Novais<br \/>\nLucas Dancer<br \/>\nMalayka SN<br \/>\nVioleta Pav\u00e3o<br \/>\nBicha Preta<br \/>\nNat\u00e1lia Carvalho<br \/>\nAriiel<\/p>\n","protected":false},"excerpt":{"rendered":"<p>Para compor a performance RASHA BATALHA, o RaSHa SHow convoca BBoys, BGirls, drags, bixas, monas, [&hellip;]<\/p>\n","protected":false},"author":1,"featured_media":175,"parent":0,"menu_order":0,"comment_status":"closed","ping_status":"closed","template":"","meta":{"_acf_changed":false,"footnotes":""},"class_list":["post-190","page","type-page","status-publish","has-post-thumbnail","hentry"],"acf":[],"_links":{"self":[{"href":"https:\/\/www.icencontrodeartes.com.br\/ic12\/wp-json\/wp\/v2\/pages\/190","targetHints":{"allow":["GET"]}}],"collection":[{"href":"https:\/\/www.icencontrodeartes.com.br\/ic12\/wp-json\/wp\/v2\/pages"}],"about":[{"href":"https:\/\/www.icencontrodeartes.com.br\/ic12\/wp-json\/wp\/v2\/types\/page"}],"author":[{"embeddable":true,"href":"https:\/\/www.icencontrodeartes.com.br\/ic12\/wp-json\/wp\/v2\/users\/1"}],"replies":[{"embeddable":true,"href":"https:\/\/www.icencontrodeartes.com.br\/ic12\/wp-json\/wp\/v2\/comments?post=190"}],"version-history":[{"count":5,"href":"https:\/\/www.icencontrodeartes.com.br\/ic12\/wp-json\/wp\/v2\/pages\/190\/revisions"}],"predecessor-version":[{"id":206,"href":"https:\/\/www.icencontrodeartes.com.br\/ic12\/wp-json\/wp\/v2\/pages\/190\/revisions\/206"}],"wp:featuredmedia":[{"embeddable":true,"href":"https:\/\/www.icencontrodeartes.com.br\/ic12\/wp-json\/wp\/v2\/media\/175"}],"wp:attachment":[{"href":"https:\/\/www.icencontrodeartes.com.br\/ic12\/wp-json\/wp\/v2\/media?parent=190"}],"curies":[{"name":"wp","href":"https:\/\/api.w.org\/{rel}","templated":true}]}}