{"id":39,"date":"2018-07-13T11:36:31","date_gmt":"2018-07-13T14:36:31","guid":{"rendered":"http:\/\/localhost\/ic\/site\/?page_id=39"},"modified":"2018-07-21T20:53:21","modified_gmt":"2018-07-21T23:53:21","slug":"home","status":"publish","type":"page","link":"https:\/\/www.icencontrodeartes.com.br\/ic12\/","title":{"rendered":"Home"},"content":{"rendered":"<p>O IC Encontro de Artes, em sua 12\u00aa edi\u00e7\u00e3o, \u00e9 de \u201cArte como Luta\u201d. Vem atento e preparado. Se ergue contra a censura, o linchamento, as distor\u00e7\u00f5es de fatos e o conservadorismo que utiliza de viol\u00eancias para sustentar a marginaliza\u00e7\u00e3o de exist\u00eancias consideradas desviantes. A liberdade de express\u00e3o e da arte \u00e9 nossa bandeira. Aqui, todos e todas podem ser vistos, ouvidos e respeitados. Arte \u00e9 informa\u00e7\u00e3o, transforma\u00e7\u00e3o e pol\u00edtica.<\/p>\n","protected":false},"excerpt":{"rendered":"<p>O IC Encontro de Artes, em sua 12\u00aa edi\u00e7\u00e3o, \u00e9 de \u201cArte como Luta\u201d. Vem [&hellip;]<\/p>\n","protected":false},"author":1,"featured_media":0,"parent":0,"menu_order":0,"comment_status":"closed","ping_status":"closed","template":"page-template-home.php","meta":{"_acf_changed":false,"footnotes":""},"class_list":["post-39","page","type-page","status-publish","hentry"],"acf":[],"_links":{"self":[{"href":"https:\/\/www.icencontrodeartes.com.br\/ic12\/wp-json\/wp\/v2\/pages\/39","targetHints":{"allow":["GET"]}}],"collection":[{"href":"https:\/\/www.icencontrodeartes.com.br\/ic12\/wp-json\/wp\/v2\/pages"}],"about":[{"href":"https:\/\/www.icencontrodeartes.com.br\/ic12\/wp-json\/wp\/v2\/types\/page"}],"author":[{"embeddable":true,"href":"https:\/\/www.icencontrodeartes.com.br\/ic12\/wp-json\/wp\/v2\/users\/1"}],"replies":[{"embeddable":true,"href":"https:\/\/www.icencontrodeartes.com.br\/ic12\/wp-json\/wp\/v2\/comments?post=39"}],"version-history":[{"count":3,"href":"https:\/\/www.icencontrodeartes.com.br\/ic12\/wp-json\/wp\/v2\/pages\/39\/revisions"}],"predecessor-version":[{"id":132,"href":"https:\/\/www.icencontrodeartes.com.br\/ic12\/wp-json\/wp\/v2\/pages\/39\/revisions\/132"}],"wp:attachment":[{"href":"https:\/\/www.icencontrodeartes.com.br\/ic12\/wp-json\/wp\/v2\/media?parent=39"}],"curies":[{"name":"wp","href":"https:\/\/api.w.org\/{rel}","templated":true}]}}