{"id":46,"date":"2018-07-13T14:13:55","date_gmt":"2018-07-13T17:13:55","guid":{"rendered":"http:\/\/localhost\/ic\/site\/?page_id=46"},"modified":"2018-08-07T11:19:57","modified_gmt":"2018-08-07T14:19:57","slug":"sobre","status":"publish","type":"page","link":"https:\/\/www.icencontrodeartes.com.br\/ic12\/sobre\/","title":{"rendered":"O que \u00e9"},"content":{"rendered":"<p>N\u00e3o h\u00e1 como ignorar. Em pleno 2018, s\u00e9culo 21, o Brasil e o mundo passam por crises sociais, pol\u00edticas, econ\u00f4micas e simb\u00f3licas de grandes magnitudes. A arte nacional, nos \u00faltimos tempos, vem sendo alvo de constantes ataques e censuras, desconfigurando seus contextos, liberdades e diversidade de vozes. E \u00e9 esta arte que reage \u00e0s circunst\u00e2ncias e aborda pautas urgentes, que precisam ser evidenciadas, compartilhadas e discutidas, que comp\u00f5e a 12\u00aa edi\u00e7\u00e3o do encontro internacional de artes IC. Poderia soar redundante aderir a este lema, mas a realidade exp\u00f5e como estamos longe de esgot\u00e1-lo. O IC12 \u00e9 de \u201cArte como Luta\u201d.<\/p>\n<p>Realizado pela Dimenti Produ\u00e7\u00f5es Culturais em parceria com a Associa\u00e7\u00e3o Conex\u00f5es Criativas, o evento ocorre de 21 a 26 de agosto de 2018, em Salvador. Em sua programa\u00e7\u00e3o, espet\u00e1culos, performances, shows e interven\u00e7\u00f5es s\u00e3o protagonizados por elencos de representatividade em quest\u00f5es de ra\u00e7a, sexualidades, direitos civis, movimentos sociais, linchamentos p\u00fablicos, visibilidade a seus corpos. Estudantes, travestis, prostitutas, militantes, artistas perseguidos, negros e negras, ind\u00edgenas, periferias, indiv\u00edduos marginalizados. Eles e elas n\u00e3o recuam, n\u00e3o se intimidam e v\u00e3o \u00e0 luta, afirmando exist\u00eancias que escapam \u00e0s normativas aprisionadoras e excludentes. As atividades ocupam o Goethe-Institut Salvador-Bahia, o Teatro Experimental da Escola de Dan\u00e7a da Universidade Federal da Bahia (UFBA), o Forte do Barbalho e ruas da cidade.<\/p>\n<p>O IC \u00e9 uma iniciativa art\u00edstica independente, contempor\u00e2nea e desafiadora, concebida de forma continuada e impulsora de instigantes processos para a produ\u00e7\u00e3o cultural da Bahia e do Brasil. O projeto abre espa\u00e7o para articula\u00e7\u00f5es, reflex\u00f5es e interc\u00e2mbios como uma plataforma pluriart\u00edstica de cria\u00e7\u00e3o e difus\u00e3o, intermeando os campos da dan\u00e7a, teatro, performance, m\u00fasica, audiovisual e artes visuais, al\u00e9m da cr\u00edtica art\u00edstica e da comunica\u00e7\u00e3o. Tudo sustentado em princ\u00edpios como experimenta\u00e7\u00e3o, deslocamento, risco, livres rela\u00e7\u00f5es entre processo e produto, flexibilidade e criticidade. Cada edi\u00e7\u00e3o \u00e9 atravessada por uma quest\u00e3o simb\u00f3lica que orienta o processo curatorial e a composi\u00e7\u00e3o da programa\u00e7\u00e3o, em conson\u00e2ncia com aquilo que move a cria\u00e7\u00e3o de artistas em diferentes partes do mundo, em associa\u00e7\u00e3o com as pesquisas dos pr\u00f3prios artistas-curadores-produtores: Ellen Mello, F\u00e1bio Os\u00f3rio Monteiro, Jorge Alencar, Leonardo Fran\u00e7a e Neto Machado.<\/p>\n","protected":false},"excerpt":{"rendered":"<p>N\u00e3o h\u00e1 como ignorar. Em pleno 2018, s\u00e9culo 21, o Brasil e o mundo passam [&hellip;]<\/p>\n","protected":false},"author":1,"featured_media":0,"parent":0,"menu_order":0,"comment_status":"closed","ping_status":"closed","template":"","meta":{"_acf_changed":false,"footnotes":""},"class_list":["post-46","page","type-page","status-publish","hentry"],"acf":[],"_links":{"self":[{"href":"https:\/\/www.icencontrodeartes.com.br\/ic12\/wp-json\/wp\/v2\/pages\/46","targetHints":{"allow":["GET"]}}],"collection":[{"href":"https:\/\/www.icencontrodeartes.com.br\/ic12\/wp-json\/wp\/v2\/pages"}],"about":[{"href":"https:\/\/www.icencontrodeartes.com.br\/ic12\/wp-json\/wp\/v2\/types\/page"}],"author":[{"embeddable":true,"href":"https:\/\/www.icencontrodeartes.com.br\/ic12\/wp-json\/wp\/v2\/users\/1"}],"replies":[{"embeddable":true,"href":"https:\/\/www.icencontrodeartes.com.br\/ic12\/wp-json\/wp\/v2\/comments?post=46"}],"version-history":[{"count":7,"href":"https:\/\/www.icencontrodeartes.com.br\/ic12\/wp-json\/wp\/v2\/pages\/46\/revisions"}],"predecessor-version":[{"id":202,"href":"https:\/\/www.icencontrodeartes.com.br\/ic12\/wp-json\/wp\/v2\/pages\/46\/revisions\/202"}],"wp:attachment":[{"href":"https:\/\/www.icencontrodeartes.com.br\/ic12\/wp-json\/wp\/v2\/media?parent=46"}],"curies":[{"name":"wp","href":"https:\/\/api.w.org\/{rel}","templated":true}]}}