{"id":54,"date":"2018-07-13T14:14:38","date_gmt":"2018-07-13T17:14:38","guid":{"rendered":"http:\/\/localhost\/ic\/site\/?page_id=54"},"modified":"2018-08-10T17:14:53","modified_gmt":"2018-08-10T20:14:53","slug":"quem-somos","status":"publish","type":"page","link":"https:\/\/www.icencontrodeartes.com.br\/ic12\/quem-somos\/","title":{"rendered":"Quem Somos"},"content":{"rendered":"<p>O IC Encontro de Artes \u00e9 realizado pela Dimenti Produ\u00e7\u00f5es Culturais em parceria com a Associa\u00e7\u00e3o Conex\u00f5es Criativas.<\/p>\n<p><strong>Dire\u00e7\u00e3o Geral:<\/strong>\u00a0Ellen Mello<br \/>\n<strong>Curadoria:<\/strong>\u00a0Ellen Mello, F\u00e1bio Os\u00f3rio Monteiro, Jorge Alencar, Leonardo Fran\u00e7a e Neto Machado<br \/>\n<strong>Assistente de Curadoria:<\/strong>\u00a0Marina Martinelli<br \/>\n<strong>Coordena\u00e7\u00e3o de Produ\u00e7\u00e3o:<\/strong>\u00a0Ellen Mello<br \/>\n<strong>Produ\u00e7\u00e3o Executiva:<\/strong>\u00a0Marina Martinelli e Nat\u00e1lia Val\u00e9rio<br \/>\n<strong>Assistentes de Produ\u00e7\u00e3o:<\/strong>\u00a0Bia Ferreira, L\u00edsia Lira, Priscila Santos<br \/>\n<strong>Coordena\u00e7\u00e3o T\u00e9cnica:<\/strong> \u00c9rica Telles e Larissa Lacerda<br \/>\n<strong>Financeiro:<\/strong>\u00a0Mar\u00edlia Pereira<br \/>\n<strong>Coordena\u00e7\u00e3o de Comunica\u00e7\u00e3o:<\/strong>\u00a0Marcatexto<br \/>\n<strong>Assessoria de Imprensa:<\/strong>\u00a0Atila Barros (Marcatexto)<br \/>\n<strong>Gest\u00e3o de Redes Sociais:<\/strong>\u00a0Carolina Carvalho (Marcatexto)<br \/>\n<strong>Design Gr\u00e1fico:<\/strong>\u00a0Juliana Rangel \u2013 Moringa Est\u00fadio<br \/>\n<strong>Site:<\/strong>\u00a0Diego Fox<br \/>\n<strong>Registro audiovisual:<\/strong> Feito a Fac\u00e3o<br \/>\n<strong>Registro fotogr\u00e1fico:<\/strong> Patr\u00edcia Almeida<\/p>\n","protected":false},"excerpt":{"rendered":"<p>O IC Encontro de Artes \u00e9 realizado pela Dimenti Produ\u00e7\u00f5es Culturais em parceria com a [&hellip;]<\/p>\n","protected":false},"author":1,"featured_media":0,"parent":0,"menu_order":0,"comment_status":"closed","ping_status":"closed","template":"","meta":{"_acf_changed":false,"footnotes":""},"class_list":["post-54","page","type-page","status-publish","hentry"],"acf":[],"_links":{"self":[{"href":"https:\/\/www.icencontrodeartes.com.br\/ic12\/wp-json\/wp\/v2\/pages\/54","targetHints":{"allow":["GET"]}}],"collection":[{"href":"https:\/\/www.icencontrodeartes.com.br\/ic12\/wp-json\/wp\/v2\/pages"}],"about":[{"href":"https:\/\/www.icencontrodeartes.com.br\/ic12\/wp-json\/wp\/v2\/types\/page"}],"author":[{"embeddable":true,"href":"https:\/\/www.icencontrodeartes.com.br\/ic12\/wp-json\/wp\/v2\/users\/1"}],"replies":[{"embeddable":true,"href":"https:\/\/www.icencontrodeartes.com.br\/ic12\/wp-json\/wp\/v2\/comments?post=54"}],"version-history":[{"count":6,"href":"https:\/\/www.icencontrodeartes.com.br\/ic12\/wp-json\/wp\/v2\/pages\/54\/revisions"}],"predecessor-version":[{"id":204,"href":"https:\/\/www.icencontrodeartes.com.br\/ic12\/wp-json\/wp\/v2\/pages\/54\/revisions\/204"}],"wp:attachment":[{"href":"https:\/\/www.icencontrodeartes.com.br\/ic12\/wp-json\/wp\/v2\/media?parent=54"}],"curies":[{"name":"wp","href":"https:\/\/api.w.org\/{rel}","templated":true}]}}