{"id":40,"date":"2019-07-23T21:06:55","date_gmt":"2019-07-24T00:06:55","guid":{"rendered":"https:\/\/www.icencontrodeartes.com.br\/ic13?page_id=40"},"modified":"2019-07-29T01:49:32","modified_gmt":"2019-07-29T04:49:32","slug":"home","status":"publish","type":"page","link":"https:\/\/www.icencontrodeartes.com.br\/ic13\/","title":{"rendered":"HOME"},"content":{"rendered":"<p>magia<br \/>\nsubstantivo feminino<br \/>\n1.\tarte, ci\u00eancia ou pr\u00e1tica baseada na cren\u00e7a de ser poss\u00edvel influenciar o curso dos acontecimentos e produzir efeitos n\u00e3o naturais, valendo-se da interven\u00e7\u00e3o de seres fant\u00e1sticos e da manipula\u00e7\u00e3o de algum princ\u00edpio oculto supostamente presente na natureza, seja por meio de f\u00f3rmulas rituais ou de a\u00e7\u00f5es simb\u00f3licas.<br \/>\n2.\tPOR EXTENS\u00c3O qualquer procedimento m\u00e1gico, fant\u00e1stico.<br \/>\n3.\tPOR METON\u00cdMIA o efeito dessa arte, ci\u00eancia ou pr\u00e1tica.<br \/>\n4.\tFIGURADO forte atra\u00e7\u00e3o; fasc\u00ednio, feiti\u00e7o, magnetismo.<\/p>\n<p>A 13\u00aa edi\u00e7\u00e3o do IC Encontro de Artes traz como lema ARTE E OUTRAS MAGIAS, reunindo trabalhos que prop\u00f5em (re)encantamentos da cria\u00e7\u00e3o art\u00edstica, nos limites entre arte, magia e ci\u00eancia. Tecnomagias, bruxarias, transes, feiti\u00e7os, mediunidades, ecumenismos, rituais, vibra\u00e7\u00f5es energ\u00e9ticas, f\u00e9 no invis\u00edvel. Para expandir o modo como produzimos conhecimento, abrir espa\u00e7o para outras epistemologias e entendimentos de corpo, alargar a percep\u00e7\u00e3o do real, ir al\u00e9m da satura\u00e7\u00e3o do campo racional e da leitura ocidental-capitalista do mundo.<\/p>\n","protected":false},"excerpt":{"rendered":"<p>magia substantivo feminino 1. arte, ci\u00eancia ou pr\u00e1tica baseada na cren\u00e7a de ser poss\u00edvel influenciar [&hellip;]<\/p>\n","protected":false},"author":1,"featured_media":0,"parent":0,"menu_order":0,"comment_status":"closed","ping_status":"closed","template":"page-template-home.php","meta":{"footnotes":""},"class_list":["post-40","page","type-page","status-publish","hentry"],"_links":{"self":[{"href":"https:\/\/www.icencontrodeartes.com.br\/ic13\/wp-json\/wp\/v2\/pages\/40","targetHints":{"allow":["GET"]}}],"collection":[{"href":"https:\/\/www.icencontrodeartes.com.br\/ic13\/wp-json\/wp\/v2\/pages"}],"about":[{"href":"https:\/\/www.icencontrodeartes.com.br\/ic13\/wp-json\/wp\/v2\/types\/page"}],"author":[{"embeddable":true,"href":"https:\/\/www.icencontrodeartes.com.br\/ic13\/wp-json\/wp\/v2\/users\/1"}],"replies":[{"embeddable":true,"href":"https:\/\/www.icencontrodeartes.com.br\/ic13\/wp-json\/wp\/v2\/comments?post=40"}],"version-history":[{"count":4,"href":"https:\/\/www.icencontrodeartes.com.br\/ic13\/wp-json\/wp\/v2\/pages\/40\/revisions"}],"predecessor-version":[{"id":117,"href":"https:\/\/www.icencontrodeartes.com.br\/ic13\/wp-json\/wp\/v2\/pages\/40\/revisions\/117"}],"wp:attachment":[{"href":"https:\/\/www.icencontrodeartes.com.br\/ic13\/wp-json\/wp\/v2\/media?parent=40"}],"curies":[{"name":"wp","href":"https:\/\/api.w.org\/{rel}","templated":true}]}}