{"id":73,"date":"2019-07-24T13:37:22","date_gmt":"2019-07-24T16:37:22","guid":{"rendered":"https:\/\/www.icencontrodeartes.com.br\/ic13?page_id=73"},"modified":"2019-07-30T22:15:15","modified_gmt":"2019-07-31T01:15:15","slug":"o-que-e","status":"publish","type":"page","link":"https:\/\/www.icencontrodeartes.com.br\/ic13\/o-que-e\/","title":{"rendered":"O QUE \u00c9"},"content":{"rendered":"<p>Do 13 cabal\u00edstico, vem a m\u00edtica da 13\u00aa edi\u00e7\u00e3o do IC Encontro de Artes, evento que ocorre anualmente em Salvador e que promove intensa programa\u00e7\u00e3o de variadas express\u00f5es art\u00edsticas. Em 2019, com o lema \u201cArte e Outras Magias\u201d, o festival acontecer\u00e1 de 21 a 25 de agosto e reunir\u00e1 trabalhos que prop\u00f5em expans\u00f5es da cria\u00e7\u00e3o, nos limites entre arte, magia e ci\u00eancia. A ideia \u00e9 exibir discursos e entendimentos para al\u00e9m do campo racional e da leitura ocidental-capitalista do mundo. As atividades v\u00e3o ocupar o Goethe-Institut Salvador-Bahia (Corredor da Vit\u00f3ria), a Casa Charriot (Com\u00e9rcio), a Casa Rosada (Barris) e o Teatro Experimental da Escola de Dan\u00e7a da UFBA (Ondina).<\/p>\n<p>O IC \u00e9 uma iniciativa art\u00edstica independente, contempor\u00e2nea e desafiadora, concebida de forma continuada e impulsora de instigantes processos para a produ\u00e7\u00e3o cultural da Bahia e do Brasil. O projeto abre espa\u00e7o para articula\u00e7\u00f5es, reflex\u00f5es e interc\u00e2mbios como uma plataforma pluriart\u00edstica de cria\u00e7\u00e3o e difus\u00e3o, intermeando os campos das artes, al\u00e9m da cr\u00edtica art\u00edstica e da comunica\u00e7\u00e3o. Tudo sustentado em princ\u00edpios como experimenta\u00e7\u00e3o, deslocamento, risco, livres rela\u00e7\u00f5es entre processo e produto, flexibilidade e criticidade. Cada edi\u00e7\u00e3o \u00e9 atravessada por uma quest\u00e3o simb\u00f3lica que orienta o processo curatorial e a composi\u00e7\u00e3o da programa\u00e7\u00e3o, em conson\u00e2ncia com aquilo que move a cria\u00e7\u00e3o de artistas em diferentes partes do mundo, em associa\u00e7\u00e3o com as pesquisas dos pr\u00f3prios artistas-curadores-produtores: Ellen Mello, F\u00e1bio Os\u00f3rio Monteiro, Jorge Alencar, Leonardo Fran\u00e7a e Neto Machado.<\/p>\n<p>O IC13 tem apoio financeiro do Governo do Estado, atrav\u00e9s do Fundo de Cultura, Secretaria da Fazenda e Secretaria de Cultura da Bahia, contemplado pelo Edital de Eventos Culturais Calendarizados.<\/p>\n","protected":false},"excerpt":{"rendered":"<p>Do 13 cabal\u00edstico, vem a m\u00edtica da 13\u00aa edi\u00e7\u00e3o do IC Encontro de Artes, evento [&hellip;]<\/p>\n","protected":false},"author":1,"featured_media":0,"parent":0,"menu_order":0,"comment_status":"closed","ping_status":"closed","template":"","meta":{"footnotes":""},"class_list":["post-73","page","type-page","status-publish","hentry"],"_links":{"self":[{"href":"https:\/\/www.icencontrodeartes.com.br\/ic13\/wp-json\/wp\/v2\/pages\/73","targetHints":{"allow":["GET"]}}],"collection":[{"href":"https:\/\/www.icencontrodeartes.com.br\/ic13\/wp-json\/wp\/v2\/pages"}],"about":[{"href":"https:\/\/www.icencontrodeartes.com.br\/ic13\/wp-json\/wp\/v2\/types\/page"}],"author":[{"embeddable":true,"href":"https:\/\/www.icencontrodeartes.com.br\/ic13\/wp-json\/wp\/v2\/users\/1"}],"replies":[{"embeddable":true,"href":"https:\/\/www.icencontrodeartes.com.br\/ic13\/wp-json\/wp\/v2\/comments?post=73"}],"version-history":[{"count":4,"href":"https:\/\/www.icencontrodeartes.com.br\/ic13\/wp-json\/wp\/v2\/pages\/73\/revisions"}],"predecessor-version":[{"id":151,"href":"https:\/\/www.icencontrodeartes.com.br\/ic13\/wp-json\/wp\/v2\/pages\/73\/revisions\/151"}],"wp:attachment":[{"href":"https:\/\/www.icencontrodeartes.com.br\/ic13\/wp-json\/wp\/v2\/media?parent=73"}],"curies":[{"name":"wp","href":"https:\/\/api.w.org\/{rel}","templated":true}]}}