{"id":76,"date":"2019-07-24T14:54:05","date_gmt":"2019-07-24T17:54:05","guid":{"rendered":"https:\/\/www.icencontrodeartes.com.br\/ic13?page_id=76"},"modified":"2019-08-15T21:29:59","modified_gmt":"2019-08-16T00:29:59","slug":"residencia","status":"publish","type":"page","link":"https:\/\/www.icencontrodeartes.com.br\/ic13\/residencia\/","title":{"rendered":"RESID\u00caNCIA"},"content":{"rendered":"<p><strong>Resid\u00eancia Pr\u00e1ticas de Encantamento da Mat\u00e9ria<\/strong><br \/>\n<strong>Elisabete Finger (PR\/SP)<\/strong><br \/>\nNo Goethe-Institut Salvador-Bahia<br \/>\n19, 20 e 21 de agosto (segunda a quarta), 14h \u00e0s 18h<br \/>\nClassifica\u00e7\u00e3o indicativa: 18 anos<br \/>\nDura\u00e7\u00e3o: 12 horas<br \/>\nGratuito | Para 20 participantes selecionados<\/p>\n<p><em>Uma aventura por outras l\u00f3gicas. Um passeio pelo\u00a0outro lado. O lado das coisas, das mat\u00e9rias. Onde me perco e me encontro tamb\u00e9m como coisa e mat\u00e9ria. Uma jornada por terrenos inst\u00e1veis, movedi\u00e7os, moles e cheios de buracos. Pr\u00e1ticas de encantamento e erotismo da mat\u00e9ria.\u00a0Encantamento como essa estranha combina\u00e7\u00e3o entre o deleite e a perturba\u00e7\u00e3o. Erotismo\u00a0como uma busca constante por atravessamentos, perfura\u00e7\u00f5es, fus\u00f5es.<\/em><\/p>\n<p>A resid\u00eancia art\u00edstica \u201cPr\u00e1ticas de Encantamento da Mat\u00e9ria\u201d re\u00fane um repert\u00f3rio pessoal de exerc\u00edcios e experi\u00eancias coletados pela performer e core\u00f3grafa Elisabete Finger ao longo de anos, em diversas partes do mundo. Inclui tamb\u00e9m alguns princ\u00edpios coreogr\u00e1ficos e estrat\u00e9gias de a\u00e7\u00e3o nas quais ela vem trabalhando. Uma compila\u00e7\u00e3o de estudos pr\u00e1ticos e te\u00f3ricos em torno do que tem chamado de\u00a0\u201ccorpo-mat\u00e9ria\u201d: um corpo que \u00e9 a sua pr\u00f3pria materialidade \u2013 carne, ossos, l\u00edquidos, pele, pelos \u2013, que tem propriedades de mat\u00e9ria (peso, volume, textura, cheiro, temperatura, cor) e que encontra sua presen\u00e7a no mundo atrav\u00e9s do encontro (ou do choque) com outras mat\u00e9rias. A aventura de viver esse corpo num mundo material onde as coisas possuem a estranha habilidade de exceder seu status de objeto.<\/p>\n<p><strong>DETALHAMENTO<\/strong><br \/>\nCada dia de trabalho se divide em duas partes:<br \/>\n= Parte 1 \u2013 Pr\u00e1tica corporal e prepara\u00e7\u00e3o f\u00edsica. Cont\u00e9m pequenos rituais de ativa\u00e7\u00e3o do corpo-mat\u00e9ria. Envolve movimento, respira\u00e7\u00e3o, concentra\u00e7\u00e3o, pequenas medita\u00e7\u00f5es e breves c\u00e9lulas coreogr\u00e1ficas.<br \/>\n= Parte 2 \u2013 Experi\u00eancias voltadas para a pesquisa de estados corporais gerados a partir do corpo-mat\u00e9ria, rela\u00e7\u00f5es poss\u00edveis entre corpo e outras mat\u00e9rias, experimentos e estrat\u00e9gias de cria\u00e7\u00e3o e composi\u00e7\u00e3o de situa\u00e7\u00f5es coreogr\u00e1ficas.<\/p>\n<p><strong>P\u00daBLICO-ALVO<\/strong><br \/>\nPessoas interessadas em artes do corpo \u2013 artistas, criadores, estudantes etc. \u2013, maiores de 18 anos.<\/p>\n<p><strong>VAGAS<\/strong><br \/>\nS\u00e3o oferecidas 20 vagas gratuitas para participantes selecionados.<\/p>\n<p><strong>INSCRI\u00c7\u00d5ES<\/strong><br \/>\nAt\u00e9 13 de agosto<br \/>\n<em>Inscri\u00e7\u00f5es encerradas!<\/em><br \/>\n<a href=\"https:\/\/www.icencontrodeartes.com.br\/ic13\/selecionados-residencia\/\">Confira lista dos participantes selecionados<\/a><\/p>\n<p><strong>QUEM \u00c9<\/strong><br \/>\nElisabete Finger \u00e9 performer e core\u00f3grafa, atualmente mora em S\u00e3o Paulo, mantendo parcerias criativas em diversos lugares do mundo. Desenvolve trabalhos que perseguem uma l\u00f3gica de sensa\u00e7\u00f5es e se ocupam de um erotismo da mat\u00e9ria: um corpomat\u00e9ria que se funde, colide, atravessa outras mat\u00e9rias. Foi artista residente na Casa Hoffmann (Curitiba, 2004), fez parte da Forma\u00e7\u00e3o Essais no Centre National de Danse Contemporaine d\u2019Angers (Fran\u00e7a, 2005-2006) e do Programa SODA \u2013 Solo\/Dance\/Authorship. Tem mestrado em Dan\u00e7a pela HZT\/UdK (Berlim, Alemanha, 2010-2011). Foi cofundadora e integrante do Couve-Flor Minicomunidade Art\u00edstica Mundial (2005-2012). Tem apresentado seu trabalho em diferentes contextos (dan\u00e7a, performance, artes visuais), em diversos festivais e mostras no Brasil e em outros pa\u00edses, com apoio de institui\u00e7\u00f5es brasileiras e europeias, como: Ita\u00fa Cultural, Festival Panorama, Funarte, Minist\u00e9rio da Cultura, Instituto Goethe, PACT Zollverein, Fabrik Potsdam, Uferstudios, Weld, entre outras. De 2013 a 2017, desenvolveu o projeto \u201cDiscoreografia \u2013 M\u00fasica, Dan\u00e7a e Bl\u00e1, Bl\u00e1, Bl\u00e1\u201d, programas em \u00e1udio e v\u00eddeo, que tratam das rela\u00e7\u00f5es poss\u00edveis entre m\u00fasica, movimento e processos criativos em artes do corpo (realizado pelo Minist\u00e9rio da Cultura e Ita\u00fa Cultural).<\/p>\n","protected":false},"excerpt":{"rendered":"<p>Resid\u00eancia Pr\u00e1ticas de Encantamento da Mat\u00e9ria Elisabete Finger (PR\/SP) No Goethe-Institut Salvador-Bahia 19, 20 e [&hellip;]<\/p>\n","protected":false},"author":1,"featured_media":153,"parent":0,"menu_order":0,"comment_status":"closed","ping_status":"closed","template":"","meta":{"footnotes":""},"class_list":["post-76","page","type-page","status-publish","has-post-thumbnail","hentry"],"_links":{"self":[{"href":"https:\/\/www.icencontrodeartes.com.br\/ic13\/wp-json\/wp\/v2\/pages\/76","targetHints":{"allow":["GET"]}}],"collection":[{"href":"https:\/\/www.icencontrodeartes.com.br\/ic13\/wp-json\/wp\/v2\/pages"}],"about":[{"href":"https:\/\/www.icencontrodeartes.com.br\/ic13\/wp-json\/wp\/v2\/types\/page"}],"author":[{"embeddable":true,"href":"https:\/\/www.icencontrodeartes.com.br\/ic13\/wp-json\/wp\/v2\/users\/1"}],"replies":[{"embeddable":true,"href":"https:\/\/www.icencontrodeartes.com.br\/ic13\/wp-json\/wp\/v2\/comments?post=76"}],"version-history":[{"count":9,"href":"https:\/\/www.icencontrodeartes.com.br\/ic13\/wp-json\/wp\/v2\/pages\/76\/revisions"}],"predecessor-version":[{"id":197,"href":"https:\/\/www.icencontrodeartes.com.br\/ic13\/wp-json\/wp\/v2\/pages\/76\/revisions\/197"}],"wp:featuredmedia":[{"embeddable":true,"href":"https:\/\/www.icencontrodeartes.com.br\/ic13\/wp-json\/wp\/v2\/media\/153"}],"wp:attachment":[{"href":"https:\/\/www.icencontrodeartes.com.br\/ic13\/wp-json\/wp\/v2\/media?parent=76"}],"curies":[{"name":"wp","href":"https:\/\/api.w.org\/{rel}","templated":true}]}}