{"id":84,"date":"2019-07-24T15:02:50","date_gmt":"2019-07-24T18:02:50","guid":{"rendered":"https:\/\/www.icencontrodeartes.com.br\/ic13?page_id=84"},"modified":"2019-08-19T20:50:39","modified_gmt":"2019-08-19T23:50:39","slug":"quem-somos","status":"publish","type":"page","link":"https:\/\/www.icencontrodeartes.com.br\/ic13\/quem-somos\/","title":{"rendered":"QUEM SOMOS"},"content":{"rendered":"<p>O IC Encontro de Artes \u00e9 realizado pela Dimenti Produ\u00e7\u00f5es Culturais em parceria com a Associa\u00e7\u00e3o Conex\u00f5es Criativas.<\/p>\n<p>Dire\u00e7\u00e3o Geral: Ellen Mello<br \/>\nCuradoria: Ellen Mello, F\u00e1bio Os\u00f3rio Monteiro, Jorge Alencar, Leonardo Fran\u00e7a e Neto Machado<br \/>\nCoordena\u00e7\u00e3o de Produ\u00e7\u00e3o: Ellen Mello<br \/>\nProdu\u00e7\u00e3o Executiva: Marina Martinelli e Nat\u00e1lia Val\u00e9rio<br \/>\nAssistentes de Produ\u00e7\u00e3o: Mar\u00edlia Pereira e Priscila Santos<br \/>\nMonitores de Produ\u00e7\u00e3o: Izabela Simas, Juliana Lopes, Kenai e Luciene Santana<br \/>\nCoordena\u00e7\u00e3o T\u00e9cnica: Larissa Lacerda<br \/>\nFinanceiro: Mar\u00edlia Pereira<br \/>\nCoordena\u00e7\u00e3o de Comunica\u00e7\u00e3o: Marcatexto<br \/>\nAssessoria de Imprensa: Atila Barros (Marcatexto)<br \/>\nRedes Sociais: Jo\u00e3o Correia<br \/>\nDesign Gr\u00e1fico: Moises Garcia<br \/>\nSite: Diego Fox<br \/>\nRegistro audiovisual: Feito a Fac\u00e3o<br \/>\nRegistro fotogr\u00e1fico: Patricia Almeida<\/p>\n","protected":false},"excerpt":{"rendered":"<p>O IC Encontro de Artes \u00e9 realizado pela Dimenti Produ\u00e7\u00f5es Culturais em parceria com a [&hellip;]<\/p>\n","protected":false},"author":1,"featured_media":0,"parent":0,"menu_order":0,"comment_status":"closed","ping_status":"closed","template":"","meta":{"footnotes":""},"class_list":["post-84","page","type-page","status-publish","hentry"],"_links":{"self":[{"href":"https:\/\/www.icencontrodeartes.com.br\/ic13\/wp-json\/wp\/v2\/pages\/84","targetHints":{"allow":["GET"]}}],"collection":[{"href":"https:\/\/www.icencontrodeartes.com.br\/ic13\/wp-json\/wp\/v2\/pages"}],"about":[{"href":"https:\/\/www.icencontrodeartes.com.br\/ic13\/wp-json\/wp\/v2\/types\/page"}],"author":[{"embeddable":true,"href":"https:\/\/www.icencontrodeartes.com.br\/ic13\/wp-json\/wp\/v2\/users\/1"}],"replies":[{"embeddable":true,"href":"https:\/\/www.icencontrodeartes.com.br\/ic13\/wp-json\/wp\/v2\/comments?post=84"}],"version-history":[{"count":7,"href":"https:\/\/www.icencontrodeartes.com.br\/ic13\/wp-json\/wp\/v2\/pages\/84\/revisions"}],"predecessor-version":[{"id":198,"href":"https:\/\/www.icencontrodeartes.com.br\/ic13\/wp-json\/wp\/v2\/pages\/84\/revisions\/198"}],"wp:attachment":[{"href":"https:\/\/www.icencontrodeartes.com.br\/ic13\/wp-json\/wp\/v2\/media?parent=84"}],"curies":[{"name":"wp","href":"https:\/\/api.w.org\/{rel}","templated":true}]}}