{"id":72,"date":"2021-08-12T13:16:12","date_gmt":"2021-08-12T16:16:12","guid":{"rendered":"https:\/\/www.icencontrodeartes.com.br\/ic14\/?page_id=72"},"modified":"2021-08-13T21:18:51","modified_gmt":"2021-08-14T00:18:51","slug":"o-que-e","status":"publish","type":"page","link":"https:\/\/www.icencontrodeartes.com.br\/ic14\/o-que-e\/","title":{"rendered":"o que \u00e9"},"content":{"rendered":"<p><strong>Arte serve para qu\u00ea? Trabalho serve a quem?<\/strong><\/p>\n<p>A partir de variadas perspectivas de um debate constante da sociedade brasileira, a 14\u00aa edi\u00e7\u00e3o do IC Encontro de Artes re\u00fane 10 proposi\u00e7\u00f5es art\u00edsticas que se encontram em torno do lema \u201cArte D\u00e1 Trabalho\u201d. Das reflex\u00f5es sobre a profiss\u00e3o de artista, sua labuta cotidiana e fragilidades institucionais, passando pela pot\u00eancia econ\u00f4mica dos setores criativos, os imperativos capitalistas e o produtivismo, atravessando as pol\u00edticas p\u00fablicas e chamadas \u201ctetas do governo\u201d, denunciando as vulnerabilidades do campo ainda mais expostas pela pandemia, at\u00e9 chegar \u00e0 no\u00e7\u00e3o da arte que d\u00e1 trabalho ao pensamento e ao retrocesso antidemocr\u00e1tico, o evento promove uma programa\u00e7\u00e3o que se espalha em diversas plataformas digitais \u2013 e nas ruas de Salvador (BA) \u2013 entre os dias 23 e 27 de agosto, em hor\u00e1rio comercial, das 9h \u00e0s 18h.<\/p>\n<p>Anteriormente agendado para acontecer em 2020, o IC14 viu a sua afirma\u00e7\u00e3o fundante, definida antes da chegada do coronav\u00edrus ao Brasil, tomar novas dimens\u00f5es. \u201cArte D\u00e1 Trabalho\u201d tornou-se uma bandeira pol\u00edtica mais urgente diante dos impactos das atividades interrompidas e da necessidade de reinven\u00e7\u00f5es constantes para a subsist\u00eancia de artistas e para a garantia do direito de acesso \u00e0 arte aos p\u00fablicos confinados. Enquanto isso, pensar sobre trabalho, renda, reconhecimento, tempo, disponibilidade, prontid\u00e3o, exaust\u00e3o, produtividade, instabilidade, digitaliza\u00e7\u00e3o da vida e de servi\u00e7os se estabeleceu como realidade inquietante para as mais variadas profiss\u00f5es.<\/p>\n<p>O IC14 j\u00e1 come\u00e7a com uma provoca\u00e7\u00e3o pelo seu hor\u00e1rio, baseado na imprecis\u00e3o do que hoje \u00e9 o tempo livre. Outro desafio foi conceber um evento que, como \u00e9 marca da hist\u00f3ria do IC, inovasse em sua concep\u00e7\u00e3o. Em busca de escapar de formatos que v\u00eam se desgastando nesta temporada de difus\u00e3o da arte pela internet, o IC14 se arrisca em produ\u00e7\u00f5es e adapta\u00e7\u00f5es in\u00e9ditas, al\u00e9m de modos diferentes de frui\u00e7\u00e3o.<\/p>\n<p>Pelo oitavo ano, o IC Encontro de Artes tem apoio financeiro do Governo do Estado da Bahia, atrav\u00e9s do Fundo de Cultura, Secretaria da Fazenda e Secretaria de Cultura da Bahia, contemplado pelo Edital de Eventos Culturais Calendarizados.<\/p>\n<p><strong>SOBRE O IC ENCONTRO DE ARTES<\/strong> \u2013 Realizado anualmente pela Dimenti Produ\u00e7\u00f5es Culturais em parceria com a Associa\u00e7\u00e3o Conex\u00f5es Criativas, o IC \u00e9 uma iniciativa art\u00edstica independente, contempor\u00e2nea e desafiadora, concebida de forma continuada e impulsora de instigantes processos para a produ\u00e7\u00e3o cultural da Bahia e do Brasil. O projeto abre espa\u00e7o para articula\u00e7\u00f5es, reflex\u00f5es e interc\u00e2mbios como uma plataforma pluriart\u00edstica de cria\u00e7\u00e3o e difus\u00e3o. Cada edi\u00e7\u00e3o \u00e9 atravessada por uma quest\u00e3o simb\u00f3lica que orienta o processo curatorial e a composi\u00e7\u00e3o da programa\u00e7\u00e3o, em conson\u00e2ncia com aquilo que move a cria\u00e7\u00e3o de artistas em diferentes partes do mundo e em associa\u00e7\u00e3o com as pesquisas dos pr\u00f3prios artistas-curadores-produtores: Ellen Mello, F\u00e1bio Os\u00f3rio Monteiro, Jorge Alencar, Larissa Lacerda e Neto Machado.<\/p>\n","protected":false},"excerpt":{"rendered":"<p>Arte serve para qu\u00ea? Trabalho serve a quem? A partir de variadas perspectivas de um debate constante da sociedade brasileira, a 14\u00aa edi\u00e7\u00e3o do IC Encontro de Artes re\u00fane 10 proposi\u00e7\u00f5es art\u00edsticas que se encontram em torno do lema \u201cArte D\u00e1 Trabalho\u201d. Das reflex\u00f5es sobre a profiss\u00e3o de artista, sua labuta cotidiana e fragilidades institucionais, [&hellip;]<\/p>\n","protected":false},"author":1,"featured_media":0,"parent":0,"menu_order":0,"comment_status":"closed","ping_status":"closed","template":"","meta":{"_acf_changed":false,"_et_pb_use_builder":"","_et_pb_old_content":"","_et_gb_content_width":"","footnotes":""},"class_list":["post-72","page","type-page","status-publish","hentry"],"acf":[],"_links":{"self":[{"href":"https:\/\/www.icencontrodeartes.com.br\/ic14\/wp-json\/wp\/v2\/pages\/72","targetHints":{"allow":["GET"]}}],"collection":[{"href":"https:\/\/www.icencontrodeartes.com.br\/ic14\/wp-json\/wp\/v2\/pages"}],"about":[{"href":"https:\/\/www.icencontrodeartes.com.br\/ic14\/wp-json\/wp\/v2\/types\/page"}],"author":[{"embeddable":true,"href":"https:\/\/www.icencontrodeartes.com.br\/ic14\/wp-json\/wp\/v2\/users\/1"}],"replies":[{"embeddable":true,"href":"https:\/\/www.icencontrodeartes.com.br\/ic14\/wp-json\/wp\/v2\/comments?post=72"}],"version-history":[{"count":3,"href":"https:\/\/www.icencontrodeartes.com.br\/ic14\/wp-json\/wp\/v2\/pages\/72\/revisions"}],"predecessor-version":[{"id":155,"href":"https:\/\/www.icencontrodeartes.com.br\/ic14\/wp-json\/wp\/v2\/pages\/72\/revisions\/155"}],"wp:attachment":[{"href":"https:\/\/www.icencontrodeartes.com.br\/ic14\/wp-json\/wp\/v2\/media?parent=72"}],"curies":[{"name":"wp","href":"https:\/\/api.w.org\/{rel}","templated":true}]}}