{"id":74,"date":"2021-08-12T13:19:40","date_gmt":"2021-08-12T16:19:40","guid":{"rendered":"https:\/\/www.icencontrodeartes.com.br\/ic14\/?page_id=74"},"modified":"2021-08-29T22:29:04","modified_gmt":"2021-08-30T01:29:04","slug":"quem-somos","status":"publish","type":"page","link":"https:\/\/www.icencontrodeartes.com.br\/ic14\/quem-somos\/","title":{"rendered":"quem somos"},"content":{"rendered":"<p>O IC Encontro de Artes \u00e9 realizado pela Dimenti Produ\u00e7\u00f5es Culturais em parceria com a Associa\u00e7\u00e3o Conex\u00f5es Criativas.<\/p>\n<p>Coordena\u00e7\u00e3o Geral: Ellen Mello<br \/>\nCuradoria: Ellen Mello, F\u00e1bio Os\u00f3rio Monteiro, Jorge Alencar, Larissa Lacerda e Neto Machado<br \/>\nCoordena\u00e7\u00e3o de Produ\u00e7\u00e3o: Ellen Mello<br \/>\nProdu\u00e7\u00e3o Executiva: Marina Martinelli<br \/>\nEquipe de Produ\u00e7\u00e3o: Andr\u00e9 Oliveira, F\u00e1bio Os\u00f3rio Monteiro e Trini Opelt<br \/>\nCoordena\u00e7\u00e3o T\u00e9cnica: Larissa Lacerda<br \/>\nFinanceiro: Mar\u00edlia Pereira<br \/>\nCoordena\u00e7\u00e3o de Comunica\u00e7\u00e3o: Paula Berbert \/ Marcatexto<br \/>\nAssessoria de Imprensa: Atila Barros e Yasmim Bianco<br \/>\nRedes Sociais: Carolina Carvalho<br \/>\nIntera\u00e7\u00e3o digital: Elis Costa e Talula Mel<br \/>\nDesign Gr\u00e1fico: Vic Zacconi<br \/>\nSite: Diego Fox<br \/>\nVinheta musical: Ricardo Caian<br \/>\nRegistro audiovisual: Larissa Lacerda<br \/>\nRegistro fotogr\u00e1fico: Patricia Almeida<br \/>\nAuxiliares de opera\u00e7\u00e3o: Daniel Lima e Vera L\u00facia<\/p>\n","protected":false},"excerpt":{"rendered":"<p>O IC Encontro de Artes \u00e9 realizado pela Dimenti Produ\u00e7\u00f5es Culturais em parceria com a Associa\u00e7\u00e3o Conex\u00f5es Criativas. Coordena\u00e7\u00e3o Geral: Ellen Mello Curadoria: Ellen Mello, F\u00e1bio Os\u00f3rio Monteiro, Jorge Alencar, Larissa Lacerda e Neto Machado Coordena\u00e7\u00e3o de Produ\u00e7\u00e3o: Ellen Mello Produ\u00e7\u00e3o Executiva: Marina Martinelli Equipe de Produ\u00e7\u00e3o: Andr\u00e9 Oliveira, F\u00e1bio Os\u00f3rio Monteiro e Trini Opelt [&hellip;]<\/p>\n","protected":false},"author":1,"featured_media":0,"parent":0,"menu_order":0,"comment_status":"closed","ping_status":"closed","template":"","meta":{"_acf_changed":false,"_et_pb_use_builder":"","_et_pb_old_content":"","_et_gb_content_width":"","footnotes":""},"class_list":["post-74","page","type-page","status-publish","hentry"],"acf":[],"_links":{"self":[{"href":"https:\/\/www.icencontrodeartes.com.br\/ic14\/wp-json\/wp\/v2\/pages\/74","targetHints":{"allow":["GET"]}}],"collection":[{"href":"https:\/\/www.icencontrodeartes.com.br\/ic14\/wp-json\/wp\/v2\/pages"}],"about":[{"href":"https:\/\/www.icencontrodeartes.com.br\/ic14\/wp-json\/wp\/v2\/types\/page"}],"author":[{"embeddable":true,"href":"https:\/\/www.icencontrodeartes.com.br\/ic14\/wp-json\/wp\/v2\/users\/1"}],"replies":[{"embeddable":true,"href":"https:\/\/www.icencontrodeartes.com.br\/ic14\/wp-json\/wp\/v2\/comments?post=74"}],"version-history":[{"count":9,"href":"https:\/\/www.icencontrodeartes.com.br\/ic14\/wp-json\/wp\/v2\/pages\/74\/revisions"}],"predecessor-version":[{"id":389,"href":"https:\/\/www.icencontrodeartes.com.br\/ic14\/wp-json\/wp\/v2\/pages\/74\/revisions\/389"}],"wp:attachment":[{"href":"https:\/\/www.icencontrodeartes.com.br\/ic14\/wp-json\/wp\/v2\/media?parent=74"}],"curies":[{"name":"wp","href":"https:\/\/api.w.org\/{rel}","templated":true}]}}