{"id":72,"date":"2021-08-12T13:16:12","date_gmt":"2021-08-12T16:16:12","guid":{"rendered":"https:\/\/www.icencontrodeartes.com.br\/ic15\/?page_id=72"},"modified":"2022-08-23T16:28:54","modified_gmt":"2022-08-23T19:28:54","slug":"o-que-e","status":"publish","type":"page","link":"https:\/\/www.icencontrodeartes.com.br\/ic15\/o-que-e\/","title":{"rendered":"o que \u00e9"},"content":{"rendered":"<p><strong>IC15 FUTURO TEMPO PRESENTE<\/strong><br \/>\nEm 2022, a edi\u00e7\u00e3o comemorativa dos 15 anos do IC Encontro de Artes tem como lema \u201cFuturo Tempo Presente\u201d, para lembrar que destinos s\u00e3o escritos no durante e que o futuro \u00e9 feito na abertura de caminhos, no quando do momento presente, na quebra de paradigmas, inclusive sobre aqueles ditados a respeito da velhice. Celebrando o trabalho de pessoas cuja longevidade de vida e\/ou cria\u00e7\u00e3o segue projetando futuros e apontando perspectivas de arte e exist\u00eancia, o IC15 trata da imagina\u00e7\u00e3o sobre o tempo, das experi\u00eancias de envelhecer e de ativar as ancestralidades. O evento acontece de 31 de agosto a 4 de setembro, ocupando espa\u00e7os do Complexo do Teatro Castro Alves (TCA) e o Goethe-Institut Salvador. A programa\u00e7\u00e3o \u00e9 protagonizada por artistas com mais de 60 anos, a exemplo da cartunista Laerte, do cantor e compositor Tom Z\u00e9 e da dan\u00e7arina Denise Stutz, uma das fundadoras do Grupo Corpo.<\/p>\n<p>\u201cA edi\u00e7\u00e3o debutante do IC Encontro de Artes nos indicou a merecida celebra\u00e7\u00e3o de longas trajet\u00f3rias no campo das artes. \u00c9 tamb\u00e9m um (re)Encontro, porque o evento n\u00e3o foi realizado em 2020, por conta da pandemia da Covid-19, e em 2021 tivemos uma edi\u00e7\u00e3o virtual, sem p\u00fablico fisicamente presente\u201d, contextualiza o coletivo curatorial do IC, formado por membros da Dimenti Produ\u00e7\u00f5es Culturais. \u201cHouve toda esta situa\u00e7\u00e3o de d\u00favida, de ir e voltar, de rememora\u00e7\u00e3o. Mas, para al\u00e9m de olhar o percurso at\u00e9 aqui, pensamos nas possibilidades de futuros: o que ainda pode acontecer? O que vir\u00e1 depois disso tudo? Como envelhecer com imagina\u00e7\u00e3o, inventividade, reinven\u00e7\u00e3o, tes\u00e3o pela cria\u00e7\u00e3o? E conclu\u00edmos que muitas e muitos s\u00e3o os artistas que, com longevidade de vida e obra, nos respondem a estas perguntas todos os dias\u201d, conclui o grupo.<\/p>\n<p>Pelo nono ano, o IC Encontro de Artes tem apoio financeiro do Estado da Bahia, atrav\u00e9s do Fundo de Cultura, Secretaria de Cultura e Secretaria da Fazenda, contemplado pelo Edital de Eventos Culturais Calendarizados. O projeto tem apoio cultural do Teatro Castro Alves, Goethe-Institut Salvador-Bahia, TVE Bahia, 107.5 Educadora FM Bahia e Mitti Andaimes.<\/p>\n<p><strong>SOBRE O IC ENCONTRO DE ARTES <\/strong><br \/>\nRealizado anualmente, desde 2006, pela Dimenti Produ\u00e7\u00f5es Culturais em parceria com a Associa\u00e7\u00e3o Conex\u00f5es Criativas, o IC \u00e9 uma iniciativa art\u00edstica independente, contempor\u00e2nea e desafiadora, concebida de forma continuada e impulsora de instigantes processos para a produ\u00e7\u00e3o cultural da Bahia e do Brasil. O projeto abre espa\u00e7o para articula\u00e7\u00f5es, reflex\u00f5es e interc\u00e2mbios como uma plataforma pluriart\u00edstica de cria\u00e7\u00e3o e difus\u00e3o. Cada edi\u00e7\u00e3o \u00e9 atravessada por uma quest\u00e3o simb\u00f3lica que orienta o processo curatorial e a composi\u00e7\u00e3o da programa\u00e7\u00e3o, em conson\u00e2ncia com aquilo que move a cria\u00e7\u00e3o de artistas em diferentes partes do mundo e em associa\u00e7\u00e3o com as pesquisas dos pr\u00f3prios artistas-curadores-produtores: Ellen Mello, Jorge Alencar, Larissa Lacerda e Neto Machado.<\/p>\n","protected":false},"excerpt":{"rendered":"<p>IC15 FUTURO TEMPO PRESENTE Em 2022, a edi\u00e7\u00e3o comemorativa dos 15 anos do IC Encontro de Artes tem como lema \u201cFuturo Tempo Presente\u201d, para lembrar que destinos s\u00e3o escritos no durante e que o futuro \u00e9 feito na abertura de caminhos, no quando do momento presente, na quebra de paradigmas, inclusive sobre aqueles ditados a [&hellip;]<\/p>\n","protected":false},"author":1,"featured_media":0,"parent":0,"menu_order":0,"comment_status":"closed","ping_status":"closed","template":"","meta":{"_acf_changed":false,"_et_pb_use_builder":"","_et_pb_old_content":"","_et_gb_content_width":"","footnotes":""},"class_list":["post-72","page","type-page","status-publish","hentry"],"acf":[],"_links":{"self":[{"href":"https:\/\/www.icencontrodeartes.com.br\/ic15\/wp-json\/wp\/v2\/pages\/72","targetHints":{"allow":["GET"]}}],"collection":[{"href":"https:\/\/www.icencontrodeartes.com.br\/ic15\/wp-json\/wp\/v2\/pages"}],"about":[{"href":"https:\/\/www.icencontrodeartes.com.br\/ic15\/wp-json\/wp\/v2\/types\/page"}],"author":[{"embeddable":true,"href":"https:\/\/www.icencontrodeartes.com.br\/ic15\/wp-json\/wp\/v2\/users\/1"}],"replies":[{"embeddable":true,"href":"https:\/\/www.icencontrodeartes.com.br\/ic15\/wp-json\/wp\/v2\/comments?post=72"}],"version-history":[{"count":4,"href":"https:\/\/www.icencontrodeartes.com.br\/ic15\/wp-json\/wp\/v2\/pages\/72\/revisions"}],"predecessor-version":[{"id":290,"href":"https:\/\/www.icencontrodeartes.com.br\/ic15\/wp-json\/wp\/v2\/pages\/72\/revisions\/290"}],"wp:attachment":[{"href":"https:\/\/www.icencontrodeartes.com.br\/ic15\/wp-json\/wp\/v2\/media?parent=72"}],"curies":[{"name":"wp","href":"https:\/\/api.w.org\/{rel}","templated":true}]}}