{"id":74,"date":"2021-08-12T13:19:40","date_gmt":"2021-08-12T16:19:40","guid":{"rendered":"https:\/\/www.icencontrodeartes.com.br\/ic15\/?page_id=74"},"modified":"2022-08-30T11:29:44","modified_gmt":"2022-08-30T14:29:44","slug":"quem-somos","status":"publish","type":"page","link":"https:\/\/www.icencontrodeartes.com.br\/ic15\/quem-somos\/","title":{"rendered":"quem somos"},"content":{"rendered":"<p>O IC Encontro de Artes \u00e9 realizado pela Dimenti Produ\u00e7\u00f5es Culturais em parceria com a Associa\u00e7\u00e3o Conex\u00f5es Criativas.<\/p>\n<p>Coordena\u00e7\u00e3o Geral: Ellen Mello<br \/>\nCuradoria: Ellen Mello, Jorge Alencar, Larissa Lacerda e Neto Machado<br \/>\nAssist\u00eancia de Curadoria: Marina Martinelli<br \/>\nCoordena\u00e7\u00e3o de Produ\u00e7\u00e3o: Ellen Mello<br \/>\nProdu\u00e7\u00e3o Executiva: Marina Martinelli<br \/>\nProdu\u00e7\u00e3o: Angela Marques<br \/>\nBolsistas de produ\u00e7\u00e3o: Bianca Ribeiro, C\u00e2ndido Nobre, La\u00eds da Concei\u00e7\u00e3o e Thain\u00e1 Oliveira<br \/>\nCoordena\u00e7\u00e3o T\u00e9cnica: Larissa Lacerda<br \/>\nT\u00e9cnicos de Montagem: Milena Pitombo, Marquinhos e Cec\u00edlia Vasconcelos<br \/>\nFinanceiro: Mar\u00edlia Pereira<br \/>\nCoordena\u00e7\u00e3o de Comunica\u00e7\u00e3o: Paula Berbert<br \/>\nAssessoria de Imprensa: Atila Barros<br \/>\nRedes Sociais: Carolina Carvalho<br \/>\nIdentidade visual: Moises Garcia a partir de desenho de Laerte Coutinho<br \/>\nDesign Gr\u00e1fico: Flora Tavares<br \/>\nSite: Diego Fox<br \/>\nVinheta musical: Ricardo Caian<br \/>\nRegistro audiovisual: Larissa Lacerda e Isbela Trigo<br \/>\nRegistro fotogr\u00e1fico: Patricia Almeida<\/p>\n","protected":false},"excerpt":{"rendered":"<p>O IC Encontro de Artes \u00e9 realizado pela Dimenti Produ\u00e7\u00f5es Culturais em parceria com a Associa\u00e7\u00e3o Conex\u00f5es Criativas. Coordena\u00e7\u00e3o Geral: Ellen Mello Curadoria: Ellen Mello, Jorge Alencar, Larissa Lacerda e Neto Machado Assist\u00eancia de Curadoria: Marina Martinelli Coordena\u00e7\u00e3o de Produ\u00e7\u00e3o: Ellen Mello Produ\u00e7\u00e3o Executiva: Marina Martinelli Produ\u00e7\u00e3o: Angela Marques Bolsistas de produ\u00e7\u00e3o: Bianca Ribeiro, C\u00e2ndido [&hellip;]<\/p>\n","protected":false},"author":1,"featured_media":0,"parent":0,"menu_order":0,"comment_status":"closed","ping_status":"closed","template":"","meta":{"_acf_changed":false,"_et_pb_use_builder":"","_et_pb_old_content":"","_et_gb_content_width":"","footnotes":""},"class_list":["post-74","page","type-page","status-publish","hentry"],"acf":[],"_links":{"self":[{"href":"https:\/\/www.icencontrodeartes.com.br\/ic15\/wp-json\/wp\/v2\/pages\/74","targetHints":{"allow":["GET"]}}],"collection":[{"href":"https:\/\/www.icencontrodeartes.com.br\/ic15\/wp-json\/wp\/v2\/pages"}],"about":[{"href":"https:\/\/www.icencontrodeartes.com.br\/ic15\/wp-json\/wp\/v2\/types\/page"}],"author":[{"embeddable":true,"href":"https:\/\/www.icencontrodeartes.com.br\/ic15\/wp-json\/wp\/v2\/users\/1"}],"replies":[{"embeddable":true,"href":"https:\/\/www.icencontrodeartes.com.br\/ic15\/wp-json\/wp\/v2\/comments?post=74"}],"version-history":[{"count":5,"href":"https:\/\/www.icencontrodeartes.com.br\/ic15\/wp-json\/wp\/v2\/pages\/74\/revisions"}],"predecessor-version":[{"id":293,"href":"https:\/\/www.icencontrodeartes.com.br\/ic15\/wp-json\/wp\/v2\/pages\/74\/revisions\/293"}],"wp:attachment":[{"href":"https:\/\/www.icencontrodeartes.com.br\/ic15\/wp-json\/wp\/v2\/media?parent=74"}],"curies":[{"name":"wp","href":"https:\/\/api.w.org\/{rel}","templated":true}]}}